{"id":106,"date":"2013-07-17T05:26:43","date_gmt":"2013-07-17T04:26:43","guid":{"rendered":"http:\/\/www.pgddobje.si\/?page_id=106"},"modified":"2016-12-11T14:04:44","modified_gmt":"2016-12-11T13:04:44","slug":"kontakt","status":"publish","type":"page","link":"https:\/\/www.pgddobje.si\/?page_id=106","title":{"rendered":"Kontakt"},"content":{"rendered":"<p style=\"text-align: left;\"><span class=\"st\"><em>PROSTOVOLJNO GASILSKO DRU\u0160TVO DOBJE <\/em><\/span><\/p>\n<p style=\"text-align: left;\"><strong><span class=\"st\"><em>Dobje pri Planini<\/em> 5b (3224, Dobje pri Planini)<\/span><\/strong><\/p>\n<p style=\"text-align: left;\"><a href=\"mailto:gasilci.dobje@gmail.com\"><span style=\"font-size: 10pt; font-family: arial,helvetica,sans-serif;\">gasilci.dobje@gmail.com<\/span><\/a><\/p>\n<table style=\"width: 305px; height: 60px;\" border=\"0\" align=\"center\">\n<tbody>\n<tr>\n<td><span style=\"font-size: 10pt; font-family: arial,helvetica,sans-serif;\">Predsednik<br \/>\n<\/span><\/td>\n<td><span style=\"font-size: 10pt; font-family: arial,helvetica,sans-serif;\">Branko Udu\u010d<\/span><span style=\"font-size: 10pt; font-family: arial,helvetica,sans-serif;\"><br \/>\n<\/span><\/td>\n<td><span style=\"font-size: 10pt; font-family: arial,helvetica,sans-serif;\">041 637 028<br \/>\n<\/span><\/td>\n<\/tr>\n<tr>\n<td><span style=\"font-size: 10pt; font-family: arial,helvetica,sans-serif;\">Poveljnik<\/span><\/td>\n<td><span style=\"font-size: 10pt; font-family: arial,helvetica,sans-serif;\">Franci&nbsp; Leskov\u0161ek<br \/>\n<\/span><\/td>\n<td><span style=\"font-family: arial,helvetica,sans-serif; font-size: 10pt;\">041 794 133<\/span><\/td>\n<\/tr>\n<\/tbody>\n<\/table>\n","protected":false},"excerpt":{"rendered":"<p>PROSTOVOLJNO GASILSKO DRU\u0160TVO DOBJE Dobje pri Planini 5b (3224, Dobje pri Planini) gasilci.dobje@gmail.com Predsednik Branko Udu\u010d 041 637 028 Poveljnik Franci&nbsp; Leskov\u0161ek 041 794 133<\/p>\n","protected":false},"author":1,"featured_media":0,"parent":0,"menu_order":0,"comment_status":"closed","ping_status":"open","template":"page-template-contact.php","meta":{"ngg_post_thumbnail":0,"footnotes":""},"class_list":["post-106","page","type-page","status-publish","hentry"],"_links":{"self":[{"href":"https:\/\/www.pgddobje.si\/index.php?rest_route=\/wp\/v2\/pages\/106","targetHints":{"allow":["GET"]}}],"collection":[{"href":"https:\/\/www.pgddobje.si\/index.php?rest_route=\/wp\/v2\/pages"}],"about":[{"href":"https:\/\/www.pgddobje.si\/index.php?rest_route=\/wp\/v2\/types\/page"}],"author":[{"embeddable":true,"href":"https:\/\/www.pgddobje.si\/index.php?rest_route=\/wp\/v2\/users\/1"}],"replies":[{"embeddable":true,"href":"https:\/\/www.pgddobje.si\/index.php?rest_route=%2Fwp%2Fv2%2Fcomments&post=106"}],"version-history":[{"count":9,"href":"https:\/\/www.pgddobje.si\/index.php?rest_route=\/wp\/v2\/pages\/106\/revisions"}],"predecessor-version":[{"id":715,"href":"https:\/\/www.pgddobje.si\/index.php?rest_route=\/wp\/v2\/pages\/106\/revisions\/715"}],"wp:attachment":[{"href":"https:\/\/www.pgddobje.si\/index.php?rest_route=%2Fwp%2Fv2%2Fmedia&parent=106"}],"curies":[{"name":"wp","href":"https:\/\/api.w.org\/{rel}","templated":true}]}}