{"id":258,"date":"2013-10-01T06:31:40","date_gmt":"2013-10-01T05:31:40","guid":{"rendered":"http:\/\/www.pgddobje.si\/?page_id=258"},"modified":"2025-02-25T09:02:54","modified_gmt":"2025-02-25T08:02:54","slug":"vodstvo","status":"publish","type":"page","link":"https:\/\/www.pgddobje.si\/?page_id=258","title":{"rendered":"Organi dru\u0161tva in duge komisije"},"content":{"rendered":"<div>\n<p><span style=\"color: #000000;\">Prostovoljno gasilsko dru\u0161tvo Dobje je po svoji ureditvi dru\u0161tvo 3. kategorije. Najvi\u0161ji organ dru\u0161tva je zbor \u010dlanov, ki ga sestavljajo vsi \u010dlani PGD Dobje in se skli\u010de vsaj enkrat letno, lahko pa tudi izredno. Na zboru \u010dlanov se vsako 5. leto voli \u010dlane v organe dru\u0161tva.<\/span><\/p>\n<p><span style=\"color: #000000;\">Organi dru\u0161tva so:<\/span><\/p>\n<ul>\n<li><span style=\"color: #000000;\">7-\u010dlanski upravni odbor, ki ga vodi predsednik dru\u0161tva. Upravni odbor upravlja z delovanjem dru\u0161tva v obdobju med zboroma \u010dlanov<\/span><\/li>\n<li><span style=\"color: #000000;\">3-\u010dlanski nadzorni odbor, ki spremlja in nadzira finan\u010dno materialno poslovanje dru\u0161tva in izvajanje sklepov zbora \u010dlanov.<br \/>\n<\/span><\/li>\n<li><span style=\"color: #000000;\">3-\u010dlansko disciplinska komisija, ki odlo\u010da o disciplinskih prekr\u0161kih in drugih sporih ter izreka ukrepe. Veljavno sklepa v senatu treh \u010dlanov. Odlo\u010ditev je sprejeta, \u010de zanjo glasuje ve\u010dina \u010dlanov senata. Disciplinska komisija vodi postopek in sprejema svoje odlo\u010ditve v skladu s pravilnikom, ki ureja disciplinski postopek. Zoper sklep Disciplinske komisije ima \u010dlan pravico prito\u017ebe na Upravni odbor.<br \/>\n<\/span><\/li>\n<\/ul>\n<p><strong><em><span style=\"color: #000000;\">Predsednik dru\u0161tva je organizacijski vodja v gasilskem dru\u0161tvu. Sklicuje in vodi upravni odbor in skrbi za poslovanje dru\u0161tva.<\/span><\/em><\/strong><br \/>\n<strong><em><span style=\"color: #000000;\">Poveljnik dru\u0161tva je operativni vodja dru\u0161tva, ki skrbi za zakonito in strokovno delo gasilske enote.<\/span><\/em><\/strong><\/p>\n<p style=\"text-align: center;\">&nbsp;<em><strong><span class=\"tabber_alias_predsedstvo\">Upravni odbor<\/span><\/strong><\/em><\/p>\n<div id=\"tabber_container_1____676___\" class=\"tabber_container tabber_container_1_ rounded\">\n<div class=\"tabber_nav\" style=\"text-align: center;\">predsednik: Branko Udu\u010d<br \/>\npodpredsednik: Plahuta Dejan<br \/>\npoveljnik: Franci Leskov\u0161ek<br \/>\nnamestnik poveljnika: Benjamin Volasko<br \/>\ntajnica: Helena Volasko<br \/>\nblagajnik: Janez Leskov\u0161ek<\/div>\n<div class=\"tabber_nav\" style=\"text-align: center;\">&nbsp;<\/div>\n<div class=\"tabber_nav\" style=\"text-align: center;\">&nbsp;<\/div>\n<\/div>\n<\/div>\n<p style=\"text-align: center;\"><em><strong>&nbsp;Poveljstvo:<\/strong><\/em><\/p>\n<p style=\"text-align: center;\">poveljnik: Franci Leskov\u0161ek<br \/>\nnamestnik poveljnika: Benjamin Volasko<\/p>\n<p style=\"text-align: center;\"><strong><em>Skrbnik doma:<\/em><\/strong><\/p>\n<p style=\"text-align: center;\">Janko Gra\u010dnar<\/p>\n","protected":false},"excerpt":{"rendered":"<p>Prostovoljno gasilsko dru\u0161tvo Dobje je po svoji ureditvi dru\u0161tvo 3. kategorije. Najvi\u0161ji organ dru\u0161tva je zbor \u010dlanov, ki ga sestavljajo vsi \u010dlani PGD Dobje in se skli\u010de vsaj enkrat letno, lahko pa tudi izredno. Na zboru \u010dlanov se vsako 5.&hellip; <\/p>\n","protected":false},"author":1,"featured_media":0,"parent":0,"menu_order":0,"comment_status":"closed","ping_status":"open","template":"","meta":{"ngg_post_thumbnail":0,"footnotes":""},"class_list":["post-258","page","type-page","status-publish","hentry"],"_links":{"self":[{"href":"https:\/\/www.pgddobje.si\/index.php?rest_route=\/wp\/v2\/pages\/258","targetHints":{"allow":["GET"]}}],"collection":[{"href":"https:\/\/www.pgddobje.si\/index.php?rest_route=\/wp\/v2\/pages"}],"about":[{"href":"https:\/\/www.pgddobje.si\/index.php?rest_route=\/wp\/v2\/types\/page"}],"author":[{"embeddable":true,"href":"https:\/\/www.pgddobje.si\/index.php?rest_route=\/wp\/v2\/users\/1"}],"replies":[{"embeddable":true,"href":"https:\/\/www.pgddobje.si\/index.php?rest_route=%2Fwp%2Fv2%2Fcomments&post=258"}],"version-history":[{"count":12,"href":"https:\/\/www.pgddobje.si\/index.php?rest_route=\/wp\/v2\/pages\/258\/revisions"}],"predecessor-version":[{"id":1122,"href":"https:\/\/www.pgddobje.si\/index.php?rest_route=\/wp\/v2\/pages\/258\/revisions\/1122"}],"wp:attachment":[{"href":"https:\/\/www.pgddobje.si\/index.php?rest_route=%2Fwp%2Fv2%2Fmedia&parent=258"}],"curies":[{"name":"wp","href":"https:\/\/api.w.org\/{rel}","templated":true}]}}