{"id":731,"date":"2016-12-11T14:43:59","date_gmt":"2016-12-11T13:43:59","guid":{"rendered":"http:\/\/www.pgddobje.si\/?page_id=731"},"modified":"2016-12-11T14:43:59","modified_gmt":"2016-12-11T13:43:59","slug":"dolgoletni-pokrovitelji","status":"publish","type":"page","link":"https:\/\/www.pgddobje.si\/?page_id=731","title":{"rendered":"Dolgoletni pokrovitelji"},"content":{"rendered":"<p>&#8211; Ob\u010dina Dobje,<br \/>\n&#8211; Bini , zaklju\u010dna dela v gradbeni\u0161tvu, Andrej in Marko Kova\u010di\u010d, s. p.,<br \/>\n&#8211; Aniko, prevozne storitve, d. o. o.,<br \/>\n&#8211; Dobrodej, d. o. o.,<br \/>\n&#8211; Darles \u2013 Darko Gra\u010dnar, s. p.,<br \/>\n&#8211; Jo\u017ee Gra\u010dnar, s. p.,<br \/>\n&#8211; Grales, d. o. o.,<br \/>\n&#8211; Jo\u017eef Fajdiga, avtoprevozni\u0161tvo in gradbena mehanizacija, s. p.,<br \/>\n&#8211; \u00bbBiro-Izkop\u00ab Marjana Felicijan, s. p.,<br \/>\n&#8211; Gic gradnje, d. o. o.,<br \/>\n&#8211; Hranilnica Lon, d. d.,<br \/>\n&#8211; Hrib &#8211; Kmetijsko proizvodno podjetje, d. o. o.,<br \/>\n&#8211; J &amp; M PRIMA, d. o. o.,<br \/>\n&#8211; Kava bar AS, d. o. o.,<br \/>\n&#8211; Kova\u010d \u0160koberne Dragica,<br \/>\n&#8211; Kulturno dru\u0161tvo Dobje,<br \/>\n&#8211; Robo &#8211; Trade, d. o. o.,<br \/>\n&#8211; Studio BB, Branko Bezgov\u0161ek, s. p.,<br \/>\n&#8211; Simes, d. o. o.,<br \/>\n&#8211; SIMPL, d. o. o.,<br \/>\n&#8211; Spojka, d. o. o., \u0160tore,<br \/>\n&#8211; \u0160koberne Marjana, s. p, Gostilna pri Olgi,<br \/>\n&#8211; Termoglas, d. o. o.,<br \/>\n&#8211; Trgovina Salobir Franc, Salobir Franc, s. p.,<br \/>\n&#8211; Vulkanizacija Mulej, Dejan Mulej, s. p.,<br \/>\n&#8211; Tajfun, d. o. o.,<br \/>\n&#8211; \u017dalujka, d. o. o.<\/p>\n","protected":false},"excerpt":{"rendered":"<p>&#8211; Ob\u010dina Dobje, &#8211; Bini , zaklju\u010dna dela v gradbeni\u0161tvu, Andrej in Marko Kova\u010di\u010d, s. p., &#8211; Aniko, prevozne storitve, d. o. o., &#8211; Dobrodej, d. o. o., &#8211; Darles \u2013 Darko Gra\u010dnar, s. p., &#8211; Jo\u017ee Gra\u010dnar, s. p.,&hellip; <\/p>\n","protected":false},"author":1,"featured_media":0,"parent":0,"menu_order":0,"comment_status":"closed","ping_status":"closed","template":"","meta":{"ngg_post_thumbnail":0,"footnotes":""},"class_list":["post-731","page","type-page","status-publish","hentry"],"_links":{"self":[{"href":"https:\/\/www.pgddobje.si\/index.php?rest_route=\/wp\/v2\/pages\/731","targetHints":{"allow":["GET"]}}],"collection":[{"href":"https:\/\/www.pgddobje.si\/index.php?rest_route=\/wp\/v2\/pages"}],"about":[{"href":"https:\/\/www.pgddobje.si\/index.php?rest_route=\/wp\/v2\/types\/page"}],"author":[{"embeddable":true,"href":"https:\/\/www.pgddobje.si\/index.php?rest_route=\/wp\/v2\/users\/1"}],"replies":[{"embeddable":true,"href":"https:\/\/www.pgddobje.si\/index.php?rest_route=%2Fwp%2Fv2%2Fcomments&post=731"}],"version-history":[{"count":1,"href":"https:\/\/www.pgddobje.si\/index.php?rest_route=\/wp\/v2\/pages\/731\/revisions"}],"predecessor-version":[{"id":733,"href":"https:\/\/www.pgddobje.si\/index.php?rest_route=\/wp\/v2\/pages\/731\/revisions\/733"}],"wp:attachment":[{"href":"https:\/\/www.pgddobje.si\/index.php?rest_route=%2Fwp%2Fv2%2Fmedia&parent=731"}],"curies":[{"name":"wp","href":"https:\/\/api.w.org\/{rel}","templated":true}]}}