{"id":793,"date":"2017-02-26T14:51:43","date_gmt":"2017-02-26T13:51:43","guid":{"rendered":"http:\/\/www.pgddobje.si\/?page_id=793"},"modified":"2017-02-26T14:51:43","modified_gmt":"2017-02-26T13:51:43","slug":"clanice","status":"publish","type":"page","link":"https:\/\/www.pgddobje.si\/?page_id=793","title":{"rendered":"\u010clanice"},"content":{"rendered":"<p>PGD Dobje poleg \u010dlanov sestavljamo tudi \u010dlanice. S svojimi prizadevanji in delom pripomoremo h kon\u010dnemu mozaiku na\u0161ega dru\u0161tva. Opravljamo razli\u010dne naloge, kot so \u010di\u0161\u010denje doma, tekmujemo, se izobra\u017eujemo, pomagamo pri vzgoji mladine in v mali meri tudi pri operativnih nalogah. Sodelujemo pri pripravi in izvedbi prireditev, ki so organizirane v kraju.<br \/>\nPovezujemo se s Komisijo za \u010dlanice pri GZ \u0160entjur. V okviru te organiziranosti se udele\u017eujemo rednih letnih sre\u010danj, ki jih pripravi eno izmed dru\u0161tev GZ \u0160entjur, pohodov, izletov, predavanj in izobra\u017eevanj, ki so organizirana pod okriljem predsednice Komisije za \u010dlanice GZ \u0160entjur, v okviru komisije \u010dlanic v regiji in v okviru Sveta \u010dlanic GZS. Izobra\u017eevanja so kvalitetno in strokovno pripravljena, saj se na njih lahko nau\u010dimo vedno kaj novega.<br \/>\nV prihodnje si \u017eelimo, da se nam pridru\u017ei \u010dim ve\u010d mladih \u010dlanic, s katerimi bomo skupaj sodelovale pri tekmovanjih in vseh aktivnostih dru\u0161tva.<br \/>\nZ gasilskim pozdravom \u00bbNa pomo\u010d\u00ab!<\/p>\n<p style=\"text-align: right;\">Helena Volasko, predsednica Komisije za \u010dlanice PGD Dobje<\/p>\n<div id=\"attachment_799\" style=\"width: 710px\" class=\"wp-caption aligncenter\"><a href=\"http:\/\/www.pgddobje.si\/wp-content\/uploads\/2017\/02\/\u010clanice-na-pohodu.jpg\"><img loading=\"lazy\" decoding=\"async\" aria-describedby=\"caption-attachment-799\" class=\"size-large wp-image-799\" src=\"http:\/\/www.pgddobje.si\/wp-content\/uploads\/2017\/02\/\u010clanice-na-pohodu-1024x631.jpg\" alt=\"\u010clanice na pohodu GZ \u0160entjur iz Vodru\u017ea na Kalobje\" width=\"700\" height=\"431\" srcset=\"https:\/\/www.pgddobje.si\/wp-content\/uploads\/2017\/02\/\u010clanice-na-pohodu-1024x631.jpg 1024w, https:\/\/www.pgddobje.si\/wp-content\/uploads\/2017\/02\/\u010clanice-na-pohodu-300x185.jpg 300w, https:\/\/www.pgddobje.si\/wp-content\/uploads\/2017\/02\/\u010clanice-na-pohodu-768x473.jpg 768w\" sizes=\"auto, (max-width: 700px) 100vw, 700px\" \/><\/a><p id=\"caption-attachment-799\" class=\"wp-caption-text\">\u010clanice na pohodu GZ \u0160entjur iz Vodru\u017ea na Kalobje<\/p><\/div>\n<div id=\"attachment_800\" style=\"width: 810px\" class=\"wp-caption aligncenter\"><a href=\"http:\/\/www.pgddobje.si\/wp-content\/uploads\/2017\/02\/\u010clanice-poskrbijo-za-prigriske.jpg\"><img loading=\"lazy\" decoding=\"async\" aria-describedby=\"caption-attachment-800\" class=\"size-full wp-image-800\" src=\"http:\/\/www.pgddobje.si\/wp-content\/uploads\/2017\/02\/\u010clanice-poskrbijo-za-prigriske.jpg\" alt=\"\u010clanice poskrbijo za prigrizke ob razli\u010dnih prilo\u017enostih\" width=\"800\" height=\"533\" srcset=\"https:\/\/www.pgddobje.si\/wp-content\/uploads\/2017\/02\/\u010clanice-poskrbijo-za-prigriske.jpg 800w, https:\/\/www.pgddobje.si\/wp-content\/uploads\/2017\/02\/\u010clanice-poskrbijo-za-prigriske-300x200.jpg 300w, https:\/\/www.pgddobje.si\/wp-content\/uploads\/2017\/02\/\u010clanice-poskrbijo-za-prigriske-768x512.jpg 768w, https:\/\/www.pgddobje.si\/wp-content\/uploads\/2017\/02\/\u010clanice-poskrbijo-za-prigriske-272x182.jpg 272w\" sizes=\"auto, (max-width: 800px) 100vw, 800px\" \/><\/a><p id=\"caption-attachment-800\" class=\"wp-caption-text\">\u010clanice poskrbijo za prigrizke ob razli\u010dnih prilo\u017enostih<\/p><\/div>\n<div id=\"attachment_798\" style=\"width: 1032px\" class=\"wp-caption aligncenter\"><a href=\"http:\/\/www.pgddobje.si\/wp-content\/uploads\/2017\/02\/prva-tekmovalna-skupina-\u010clanice.jpg\"><img loading=\"lazy\" decoding=\"async\" aria-describedby=\"caption-attachment-798\" class=\"size-full wp-image-798\" src=\"http:\/\/www.pgddobje.si\/wp-content\/uploads\/2017\/02\/prva-tekmovalna-skupina-\u010clanice.jpg\" alt=\"Prva tekmovalna skupina \u010dlanic v Dobju Stojijo (od leve): Karla Salobir, Marjana Vre\u010dar, Milena Kri\u017enik, Mihela Arzen\u0161ek,  Marjana Koprivc in Jo\u017eica Kantu\u017eer. Spredaj so (od leve): Ivanka Voga, Jo\u017eica Zupanc in Jo\u017eica Voga.\" width=\"1022\" height=\"671\" srcset=\"https:\/\/www.pgddobje.si\/wp-content\/uploads\/2017\/02\/prva-tekmovalna-skupina-\u010clanice.jpg 1022w, https:\/\/www.pgddobje.si\/wp-content\/uploads\/2017\/02\/prva-tekmovalna-skupina-\u010clanice-300x197.jpg 300w, https:\/\/www.pgddobje.si\/wp-content\/uploads\/2017\/02\/prva-tekmovalna-skupina-\u010clanice-768x504.jpg 768w\" sizes=\"auto, (max-width: 1022px) 100vw, 1022px\" \/><\/a><p id=\"caption-attachment-798\" class=\"wp-caption-text\">Prva tekmovalna skupina \u010dlanic v Dobju<br \/>Stojijo (od leve): Karla Salobir, Marjana Vre\u010dar, Milena Kri\u017enik, Mihela Arzen\u0161ek,<br \/>Marjana Koprivc in Jo\u017eica Kantu\u017eer.<br \/>Spredaj so (od leve): Ivanka Voga, Jo\u017eica Zupanc in Jo\u017eica Voga.<\/p><\/div>\n<div id=\"attachment_797\" style=\"width: 710px\" class=\"wp-caption aligncenter\"><a href=\"http:\/\/www.pgddobje.si\/wp-content\/uploads\/2017\/02\/Priprave-na-tekmovanje.jpg\"><img loading=\"lazy\" decoding=\"async\" aria-describedby=\"caption-attachment-797\" class=\"size-large wp-image-797\" src=\"http:\/\/www.pgddobje.si\/wp-content\/uploads\/2017\/02\/Priprave-na-tekmovanje-1024x768.jpg\" alt=\"Priprave na tekmovanje\" width=\"700\" height=\"525\" srcset=\"https:\/\/www.pgddobje.si\/wp-content\/uploads\/2017\/02\/Priprave-na-tekmovanje-1024x768.jpg 1024w, https:\/\/www.pgddobje.si\/wp-content\/uploads\/2017\/02\/Priprave-na-tekmovanje-300x225.jpg 300w, https:\/\/www.pgddobje.si\/wp-content\/uploads\/2017\/02\/Priprave-na-tekmovanje-768x576.jpg 768w\" sizes=\"auto, (max-width: 700px) 100vw, 700px\" \/><\/a><p id=\"caption-attachment-797\" class=\"wp-caption-text\">Priprave na tekmovanje<\/p><\/div>\n<div id=\"attachment_796\" style=\"width: 810px\" class=\"wp-caption aligncenter\"><a href=\"http:\/\/www.pgddobje.si\/wp-content\/uploads\/2017\/02\/Nasmejane-gasilke.jpg\"><img loading=\"lazy\" decoding=\"async\" aria-describedby=\"caption-attachment-796\" class=\"size-full wp-image-796\" src=\"http:\/\/www.pgddobje.si\/wp-content\/uploads\/2017\/02\/Nasmejane-gasilke.jpg\" alt=\"Nasmejane gasilke Sandika, Tinka, Jo\u017eica in Mateja\" width=\"800\" height=\"533\" srcset=\"https:\/\/www.pgddobje.si\/wp-content\/uploads\/2017\/02\/Nasmejane-gasilke.jpg 800w, https:\/\/www.pgddobje.si\/wp-content\/uploads\/2017\/02\/Nasmejane-gasilke-300x200.jpg 300w, https:\/\/www.pgddobje.si\/wp-content\/uploads\/2017\/02\/Nasmejane-gasilke-768x512.jpg 768w, https:\/\/www.pgddobje.si\/wp-content\/uploads\/2017\/02\/Nasmejane-gasilke-272x182.jpg 272w\" sizes=\"auto, (max-width: 800px) 100vw, 800px\" \/><\/a><p id=\"caption-attachment-796\" class=\"wp-caption-text\">Nasmejane gasilke Sandika, Tinka, Jo\u017eica in Mateja<\/p><\/div>\n<div id=\"attachment_795\" style=\"width: 710px\" class=\"wp-caption aligncenter\"><a href=\"http:\/\/www.pgddobje.si\/wp-content\/uploads\/2017\/02\/Ekipa-\u010dlanic-osvojile-pokal-junij-2016.jpg\"><img loading=\"lazy\" decoding=\"async\" aria-describedby=\"caption-attachment-795\" class=\"size-large wp-image-795\" src=\"http:\/\/www.pgddobje.si\/wp-content\/uploads\/2017\/02\/Ekipa-\u010dlanic-osvojile-pokal-junij-2016-1024x768.jpg\" alt=\"Ekipa \u010dlanic osvojila pokal, 19. junij 2016\" width=\"700\" height=\"525\" srcset=\"https:\/\/www.pgddobje.si\/wp-content\/uploads\/2017\/02\/Ekipa-\u010dlanic-osvojile-pokal-junij-2016-1024x768.jpg 1024w, https:\/\/www.pgddobje.si\/wp-content\/uploads\/2017\/02\/Ekipa-\u010dlanic-osvojile-pokal-junij-2016-300x225.jpg 300w, https:\/\/www.pgddobje.si\/wp-content\/uploads\/2017\/02\/Ekipa-\u010dlanic-osvojile-pokal-junij-2016-768x576.jpg 768w\" sizes=\"auto, (max-width: 700px) 100vw, 700px\" \/><\/a><p id=\"caption-attachment-795\" class=\"wp-caption-text\">Ekipa \u010dlanic osvojila pokal, 19. junij 2016<\/p><\/div>\n<p style=\"text-align: right;\">&nbsp;<\/p>\n","protected":false},"excerpt":{"rendered":"<p>PGD Dobje poleg \u010dlanov sestavljamo tudi \u010dlanice. S svojimi prizadevanji in delom pripomoremo h kon\u010dnemu mozaiku na\u0161ega dru\u0161tva. Opravljamo razli\u010dne naloge, kot so \u010di\u0161\u010denje doma, tekmujemo, se izobra\u017eujemo, pomagamo pri vzgoji mladine in v mali meri tudi pri operativnih nalogah.&hellip; <\/p>\n","protected":false},"author":1,"featured_media":0,"parent":0,"menu_order":0,"comment_status":"closed","ping_status":"closed","template":"","meta":{"ngg_post_thumbnail":0,"footnotes":""},"class_list":["post-793","page","type-page","status-publish","hentry"],"_links":{"self":[{"href":"https:\/\/www.pgddobje.si\/index.php?rest_route=\/wp\/v2\/pages\/793","targetHints":{"allow":["GET"]}}],"collection":[{"href":"https:\/\/www.pgddobje.si\/index.php?rest_route=\/wp\/v2\/pages"}],"about":[{"href":"https:\/\/www.pgddobje.si\/index.php?rest_route=\/wp\/v2\/types\/page"}],"author":[{"embeddable":true,"href":"https:\/\/www.pgddobje.si\/index.php?rest_route=\/wp\/v2\/users\/1"}],"replies":[{"embeddable":true,"href":"https:\/\/www.pgddobje.si\/index.php?rest_route=%2Fwp%2Fv2%2Fcomments&post=793"}],"version-history":[{"count":1,"href":"https:\/\/www.pgddobje.si\/index.php?rest_route=\/wp\/v2\/pages\/793\/revisions"}],"predecessor-version":[{"id":802,"href":"https:\/\/www.pgddobje.si\/index.php?rest_route=\/wp\/v2\/pages\/793\/revisions\/802"}],"wp:attachment":[{"href":"https:\/\/www.pgddobje.si\/index.php?rest_route=%2Fwp%2Fv2%2Fmedia&parent=793"}],"curies":[{"name":"wp","href":"https:\/\/api.w.org\/{rel}","templated":true}]}}