{"id":803,"date":"2017-02-26T14:53:59","date_gmt":"2017-02-26T13:53:59","guid":{"rendered":"http:\/\/www.pgddobje.si\/?page_id=803"},"modified":"2017-02-26T14:53:59","modified_gmt":"2017-02-26T13:53:59","slug":"veterani","status":"publish","type":"page","link":"https:\/\/www.pgddobje.si\/?page_id=803","title":{"rendered":"Veterani"},"content":{"rendered":"<p>Veterani so v dru\u0161tvu zelo aktivni. Redno se udele\u017eujejo sestankov, proslav, pogrebov, dru\u017eabnih dogodkov, prostovoljnih akcij \u2026, in sicer tako v okviru na\u0161ega dru\u0161tva kot tudi celotne GZ \u0160entjur.<br \/>\nKomisija za veterane GZ \u0160entjur skrbi, da se vsaj enkrat letno dru\u017eijo v spro\u0161\u010denem vzdu\u0161ju, saj organizirajo dru\u017eabna sre\u010danja in izlete. Sre\u010danja so vsako leto v razli\u010dnih dru\u0161tvih, predstavljajo pa prilo\u017enost, da starej\u0161e generacije gasilcev med sabo pokramljajo, obujajo spomine in se prijetno dru\u017eijo.<br \/>\nVeterani PGD Dobje se tudi vsako leto udele\u017eujejo ob\u010dinskega tekmovanja veteranov v \u0160entjurju. Od leta 2013 je predsednik Komisije za veterane PGD Dobje Ivan Tovornik.<\/p>\n<div id=\"attachment_807\" style=\"width: 809px\" class=\"wp-caption aligncenter\"><a href=\"http:\/\/www.pgddobje.si\/wp-content\/uploads\/2017\/02\/Veterani-na-vajah.jpg\"><img loading=\"lazy\" decoding=\"async\" aria-describedby=\"caption-attachment-807\" class=\"size-full wp-image-807\" src=\"http:\/\/www.pgddobje.si\/wp-content\/uploads\/2017\/02\/Veterani-na-vajah.jpg\" alt=\"Veterani na vajah, junij 2011\" width=\"799\" height=\"599\" srcset=\"https:\/\/www.pgddobje.si\/wp-content\/uploads\/2017\/02\/Veterani-na-vajah.jpg 799w, https:\/\/www.pgddobje.si\/wp-content\/uploads\/2017\/02\/Veterani-na-vajah-300x225.jpg 300w, https:\/\/www.pgddobje.si\/wp-content\/uploads\/2017\/02\/Veterani-na-vajah-768x576.jpg 768w\" sizes=\"auto, (max-width: 799px) 100vw, 799px\" \/><\/a><p id=\"caption-attachment-807\" class=\"wp-caption-text\">Veterani na vajah, junij 2011<\/p><\/div>\n<div id=\"attachment_806\" style=\"width: 710px\" class=\"wp-caption aligncenter\"><a href=\"http:\/\/www.pgddobje.si\/wp-content\/uploads\/2017\/02\/Veterani-na-vajah-2015.jpg\"><img loading=\"lazy\" decoding=\"async\" aria-describedby=\"caption-attachment-806\" class=\"size-large wp-image-806\" src=\"http:\/\/www.pgddobje.si\/wp-content\/uploads\/2017\/02\/Veterani-na-vajah-2015-1024x740.jpg\" alt=\"Veterani vadijo za tekmovanje, junij 2015 Na sliki Franc Planko, Alojz Antlej, Janko Gra\u010dner, Edi Kova\u010di\u010d, Marjan Tr\u017ean in  Tinka \u017dekar.\" width=\"700\" height=\"506\" srcset=\"https:\/\/www.pgddobje.si\/wp-content\/uploads\/2017\/02\/Veterani-na-vajah-2015-1024x740.jpg 1024w, https:\/\/www.pgddobje.si\/wp-content\/uploads\/2017\/02\/Veterani-na-vajah-2015-300x217.jpg 300w, https:\/\/www.pgddobje.si\/wp-content\/uploads\/2017\/02\/Veterani-na-vajah-2015-768x555.jpg 768w, https:\/\/www.pgddobje.si\/wp-content\/uploads\/2017\/02\/Veterani-na-vajah-2015-474x342.jpg 474w\" sizes=\"auto, (max-width: 700px) 100vw, 700px\" \/><\/a><p id=\"caption-attachment-806\" class=\"wp-caption-text\">Veterani vadijo za tekmovanje, junij 2015<br \/>Na sliki Franc Planko, Alojz Antlej, Janko Gra\u010dner, Edi Kova\u010di\u010d, Marjan Tr\u017ean in<br \/>Tinka \u017dekar.<\/p><\/div>\n<div id=\"attachment_805\" style=\"width: 710px\" class=\"wp-caption aligncenter\"><a href=\"http:\/\/www.pgddobje.si\/wp-content\/uploads\/2017\/02\/Na\u0161a-veterana-v-vlogi-sodnikov.jpg\"><img loading=\"lazy\" decoding=\"async\" aria-describedby=\"caption-attachment-805\" class=\"size-large wp-image-805\" src=\"http:\/\/www.pgddobje.si\/wp-content\/uploads\/2017\/02\/Na\u0161a-veterana-v-vlogi-sodnikov-1024x768.jpg\" alt=\"Na\u0161a veterana Edi Kova\u010di\u010d in Ivan Tovornik v vlogi sodnikov\" width=\"700\" height=\"525\" srcset=\"https:\/\/www.pgddobje.si\/wp-content\/uploads\/2017\/02\/Na\u0161a-veterana-v-vlogi-sodnikov-1024x768.jpg 1024w, https:\/\/www.pgddobje.si\/wp-content\/uploads\/2017\/02\/Na\u0161a-veterana-v-vlogi-sodnikov-300x225.jpg 300w, https:\/\/www.pgddobje.si\/wp-content\/uploads\/2017\/02\/Na\u0161a-veterana-v-vlogi-sodnikov-768x576.jpg 768w\" sizes=\"auto, (max-width: 700px) 100vw, 700px\" \/><\/a><p id=\"caption-attachment-805\" class=\"wp-caption-text\">Na\u0161a veterana Edi Kova\u010di\u010d in Ivan Tovornik v vlogi sodnikov<\/p><\/div>\n<div id=\"attachment_804\" style=\"width: 710px\" class=\"wp-caption aligncenter\"><a href=\"http:\/\/www.pgddobje.si\/wp-content\/uploads\/2017\/02\/Veterani-sodelujejo-pri-vseh-pomembnih-dogodkih-tudi-pri-ma\u0161i.jpg\"><img loading=\"lazy\" decoding=\"async\" aria-describedby=\"caption-attachment-804\" class=\"size-large wp-image-804\" src=\"http:\/\/www.pgddobje.si\/wp-content\/uploads\/2017\/02\/Veterani-sodelujejo-pri-vseh-pomembnih-dogodkih-tudi-pri-ma\u0161i-1024x683.jpg\" alt=\"Veterani sodelujejo pri vseh pomembnih dogodkih, tudi pri gasilski ma\u0161i Prapor nosi veteran Alojz Antlej\" width=\"700\" height=\"467\" srcset=\"https:\/\/www.pgddobje.si\/wp-content\/uploads\/2017\/02\/Veterani-sodelujejo-pri-vseh-pomembnih-dogodkih-tudi-pri-ma\u0161i-1024x683.jpg 1024w, https:\/\/www.pgddobje.si\/wp-content\/uploads\/2017\/02\/Veterani-sodelujejo-pri-vseh-pomembnih-dogodkih-tudi-pri-ma\u0161i-300x200.jpg 300w, https:\/\/www.pgddobje.si\/wp-content\/uploads\/2017\/02\/Veterani-sodelujejo-pri-vseh-pomembnih-dogodkih-tudi-pri-ma\u0161i-768x512.jpg 768w, https:\/\/www.pgddobje.si\/wp-content\/uploads\/2017\/02\/Veterani-sodelujejo-pri-vseh-pomembnih-dogodkih-tudi-pri-ma\u0161i-272x182.jpg 272w\" sizes=\"auto, (max-width: 700px) 100vw, 700px\" \/><\/a><p id=\"caption-attachment-804\" class=\"wp-caption-text\">Veterani sodelujejo pri vseh pomembnih dogodkih, tudi pri gasilski ma\u0161i<br \/>Prapor nosi veteran Alojz Antlej<\/p><\/div>\n<p>&nbsp;<\/p>\n<blockquote><p>\u00bbNi bolj\u0161ega recepta, kot izku\u0161nje starosti in poganjki mladosti.\u00ab<\/p>\n<p>(Tatjana Malec)<\/p><\/blockquote>\n<p>Brez veteranov ni gasilcev in gasilske preteklosti, saj so jo prav oni ustvarjali. Napredek gasilstva je tudi v Dobju povezan z mnogimi imeni iz veteranskih vrst.<\/p>\n<p>Hvala vam za vso po\u017ertvovalnost in prizadevanje!<\/p>\n","protected":false},"excerpt":{"rendered":"<p>Veterani so v dru\u0161tvu zelo aktivni. Redno se udele\u017eujejo sestankov, proslav, pogrebov, dru\u017eabnih dogodkov, prostovoljnih akcij \u2026, in sicer tako v okviru na\u0161ega dru\u0161tva kot tudi celotne GZ \u0160entjur. Komisija za veterane GZ \u0160entjur skrbi, da se vsaj enkrat letno&hellip; <\/p>\n","protected":false},"author":1,"featured_media":0,"parent":0,"menu_order":0,"comment_status":"closed","ping_status":"closed","template":"","meta":{"ngg_post_thumbnail":0,"footnotes":""},"class_list":["post-803","page","type-page","status-publish","hentry"],"_links":{"self":[{"href":"https:\/\/www.pgddobje.si\/index.php?rest_route=\/wp\/v2\/pages\/803","targetHints":{"allow":["GET"]}}],"collection":[{"href":"https:\/\/www.pgddobje.si\/index.php?rest_route=\/wp\/v2\/pages"}],"about":[{"href":"https:\/\/www.pgddobje.si\/index.php?rest_route=\/wp\/v2\/types\/page"}],"author":[{"embeddable":true,"href":"https:\/\/www.pgddobje.si\/index.php?rest_route=\/wp\/v2\/users\/1"}],"replies":[{"embeddable":true,"href":"https:\/\/www.pgddobje.si\/index.php?rest_route=%2Fwp%2Fv2%2Fcomments&post=803"}],"version-history":[{"count":1,"href":"https:\/\/www.pgddobje.si\/index.php?rest_route=\/wp\/v2\/pages\/803\/revisions"}],"predecessor-version":[{"id":809,"href":"https:\/\/www.pgddobje.si\/index.php?rest_route=\/wp\/v2\/pages\/803\/revisions\/809"}],"wp:attachment":[{"href":"https:\/\/www.pgddobje.si\/index.php?rest_route=%2Fwp%2Fv2%2Fmedia&parent=803"}],"curies":[{"name":"wp","href":"https:\/\/api.w.org\/{rel}","templated":true}]}}