{"id":848,"date":"2017-02-26T16:10:08","date_gmt":"2017-02-26T15:10:08","guid":{"rendered":"http:\/\/www.pgddobje.si\/?page_id=848"},"modified":"2017-02-26T16:10:56","modified_gmt":"2017-02-26T15:10:56","slug":"kraji-nasega-pozarnega-okolisa","status":"publish","type":"page","link":"https:\/\/www.pgddobje.si\/?page_id=848","title":{"rendered":"Kraji na\u0161ega po\u017earnega okoli\u0161a"},"content":{"rendered":"<p>Ob\u010dina Dobje je ena manj\u0161ih ob\u010din v na\u0161i dr\u017eavi in \u0161teje okoli tiso\u010d prebivalcev. Ob\u010dani na\u0161e ob\u010dine prebivajo na 17.5 km2, v trinajstih vaseh: Dobje pri Planini, Brezje pri Dobjem, Ravno, Repu\u0161, Gorica pri Dobjem, Slatina pri Dobjem, Prese\u010dno, Suho, \u0160karnice, Zavr\u0161e, Ve\u010dje Brdo, Jezerce in La\u017ei\u0161e. Geografsko povr\u0161je je mo\u010dno razgibano in pora\u0161\u010deno z gozdovi. Ljudje se ukvarjamo s kmetovanjem in \u017eivinorejo. Imamo primere gru\u010daste vasi, razlo\u017eene vasi in strnjene vasi. Veliko je doma\u010dij s stanovanjsko hi\u0161o, ki imajo v bli\u017eini hlev in druga gospodarska poslopja. Ve\u010dinoma do vasi vodijo ceste, ki omogo\u010dajo dovoz in dostop v primeru gasilske intervencije. Javni objekti so v glavnem v naselju Dobje, kjer ima prostore ob\u010dinska uprava, po\u0161ta, \u0161ola, knji\u017enica in otro\u0161ki vrtec, gasilski dom, lovski dom, kulturni dom in farna cerkev. Na na\u0161em gasilskem obmo\u010dju so prisotne nizke gradnje, saj imajo najvi\u0161je hi\u0161e (kulturni dom, \u0161ola \u2026) le dve nadstropji. Imamo tudi poslovne stavbe, in sicer med ve\u010dje sodijo gostilna, trgovina, Hrib, d. o. o., \u017eaga Darles in mizarstvo Grales.<\/p>\n<p>V ob\u010dini imamo 13 hidrantov (\u0161tiri nadzemne in devet podzemnih).<br \/>\nRazpored hidrantov po vaseh:<br \/>\n\u2013 Brezje (doma\u010diji Bezgov\u0161ek in Von\u010dina),<br \/>\n\u2013 Dobje (pri Osnovni \u0161oli Dobje, pri doma\u010diji Sikole, ob cesti pri Petru \u0160kobernetu, na vrhu Dobja pri doma\u010diji Arzen\u0161ek in pod lovskim domom pri Janezu Leskov\u0161ku),<br \/>\n\u2013 Prese\u010dno (doma\u010dija Gu\u010dek),<br \/>\n\u2013 Ravno (doma\u010diji Volasko in Tr\u017ean),<br \/>\n\u2013 Repu\u0161 (doma\u010dija Mlinari\u010d),<br \/>\n\u2013 Ve\u010dje Brdo (doma\u010dija Tovornik),<br \/>\n\u2013 Zavr\u0161e (doma\u010dija Kladnik).<\/p>\n<p>V primeru po\u017earov je mo\u017eno pridobiti vodo tudi iz ve\u010djih zajetij v naravi, kot so ribniki in potoki. Sicer pa imamo v Dobju rezervoar s 60000 litri vode, ve\u010d manj\u0161ih rezervoarjev po vaseh in v Repu\u0161u pri doma\u010diji Kova\u010di\u010d zajetje s po\u017earno vodo.<\/p>\n<p>Na obmo\u010dju PGD Dobje so trije transformatorji in dve son\u010dni elektrarni (doma\u010dija Rajh in doma\u010dija Bezgov\u0161ek). Po\u017earno obmo\u010dje PGD Dobje v glavnem sovpada z mejami Ob\u010dine Dobje.<\/p>\n<div id=\"attachment_850\" style=\"width: 710px\" class=\"wp-caption aligncenter\"><a href=\"http:\/\/www.pgddobje.si\/wp-content\/uploads\/2017\/02\/pozarni-okolis.jpg\"><img loading=\"lazy\" decoding=\"async\" aria-describedby=\"caption-attachment-850\" class=\"size-large wp-image-850\" src=\"http:\/\/www.pgddobje.si\/wp-content\/uploads\/2017\/02\/pozarni-okolis-1024x1013.jpg\" alt=\"Zemljevid krajev po\u017earnega okoli\u0161a PGD Dobje\" width=\"700\" height=\"692\" srcset=\"https:\/\/www.pgddobje.si\/wp-content\/uploads\/2017\/02\/pozarni-okolis-1024x1013.jpg 1024w, https:\/\/www.pgddobje.si\/wp-content\/uploads\/2017\/02\/pozarni-okolis-300x297.jpg 300w, https:\/\/www.pgddobje.si\/wp-content\/uploads\/2017\/02\/pozarni-okolis-768x760.jpg 768w, https:\/\/www.pgddobje.si\/wp-content\/uploads\/2017\/02\/pozarni-okolis-80x80.jpg 80w, https:\/\/www.pgddobje.si\/wp-content\/uploads\/2017\/02\/pozarni-okolis.jpg 1460w\" sizes=\"auto, (max-width: 700px) 100vw, 700px\" \/><\/a><p id=\"caption-attachment-850\" class=\"wp-caption-text\">Zemljevid krajev po\u017earnega okoli\u0161a PGD Dobje<\/p><\/div>\n<div id=\"attachment_849\" style=\"width: 639px\" class=\"wp-caption aligncenter\"><a href=\"http:\/\/www.pgddobje.si\/wp-content\/uploads\/2017\/02\/meja-ob\u010dine.png\"><img loading=\"lazy\" decoding=\"async\" aria-describedby=\"caption-attachment-849\" class=\"size-full wp-image-849\" src=\"http:\/\/www.pgddobje.si\/wp-content\/uploads\/2017\/02\/meja-ob\u010dine.png\" alt=\"Meja ob\u010dine\" width=\"629\" height=\"531\" srcset=\"https:\/\/www.pgddobje.si\/wp-content\/uploads\/2017\/02\/meja-ob\u010dine.png 629w, https:\/\/www.pgddobje.si\/wp-content\/uploads\/2017\/02\/meja-ob\u010dine-300x253.png 300w\" sizes=\"auto, (max-width: 629px) 100vw, 629px\" \/><\/a><p id=\"caption-attachment-849\" class=\"wp-caption-text\">Meja ob\u010dine Dobje<\/p><\/div>\n","protected":false},"excerpt":{"rendered":"<p>Ob\u010dina Dobje je ena manj\u0161ih ob\u010din v na\u0161i dr\u017eavi in \u0161teje okoli tiso\u010d prebivalcev. Ob\u010dani na\u0161e ob\u010dine prebivajo na 17.5 km2, v trinajstih vaseh: Dobje pri Planini, Brezje pri Dobjem, Ravno, Repu\u0161, Gorica pri Dobjem, Slatina pri Dobjem, Prese\u010dno, Suho,&hellip; <\/p>\n","protected":false},"author":1,"featured_media":0,"parent":0,"menu_order":0,"comment_status":"closed","ping_status":"closed","template":"","meta":{"ngg_post_thumbnail":0,"footnotes":""},"class_list":["post-848","page","type-page","status-publish","hentry"],"_links":{"self":[{"href":"https:\/\/www.pgddobje.si\/index.php?rest_route=\/wp\/v2\/pages\/848","targetHints":{"allow":["GET"]}}],"collection":[{"href":"https:\/\/www.pgddobje.si\/index.php?rest_route=\/wp\/v2\/pages"}],"about":[{"href":"https:\/\/www.pgddobje.si\/index.php?rest_route=\/wp\/v2\/types\/page"}],"author":[{"embeddable":true,"href":"https:\/\/www.pgddobje.si\/index.php?rest_route=\/wp\/v2\/users\/1"}],"replies":[{"embeddable":true,"href":"https:\/\/www.pgddobje.si\/index.php?rest_route=%2Fwp%2Fv2%2Fcomments&post=848"}],"version-history":[{"count":2,"href":"https:\/\/www.pgddobje.si\/index.php?rest_route=\/wp\/v2\/pages\/848\/revisions"}],"predecessor-version":[{"id":853,"href":"https:\/\/www.pgddobje.si\/index.php?rest_route=\/wp\/v2\/pages\/848\/revisions\/853"}],"wp:attachment":[{"href":"https:\/\/www.pgddobje.si\/index.php?rest_route=%2Fwp%2Fv2%2Fmedia&parent=848"}],"curies":[{"name":"wp","href":"https:\/\/api.w.org\/{rel}","templated":true}]}}