{"id":960,"date":"2017-02-26T18:24:20","date_gmt":"2017-02-26T17:24:20","guid":{"rendered":"http:\/\/www.pgddobje.si\/?page_id=960"},"modified":"2017-02-26T18:24:27","modified_gmt":"2017-02-26T17:24:27","slug":"ustanovitev-gasilskega-drustva-1976","status":"publish","type":"page","link":"https:\/\/www.pgddobje.si\/?page_id=960","title":{"rendered":"Ustanovitev gasilskega dru\u0161tva (1976)"},"content":{"rendered":"<div id=\"attachment_859\" style=\"width: 710px\" class=\"wp-caption aligncenter\"><a href=\"http:\/\/www.pgddobje.si\/wp-content\/uploads\/2017\/02\/seznam-ustanoviteljev-pgd.jpg\"><img loading=\"lazy\" decoding=\"async\" aria-describedby=\"caption-attachment-859\" class=\"size-large wp-image-859\" src=\"http:\/\/www.pgddobje.si\/wp-content\/uploads\/2017\/02\/seznam-ustanoviteljev-pgd-820x1024.jpg\" alt=\"Seznam ustanoviteljev Gasilskega dru\u0161tva Dobje pri Planini\" width=\"700\" height=\"874\" srcset=\"https:\/\/www.pgddobje.si\/wp-content\/uploads\/2017\/02\/seznam-ustanoviteljev-pgd-820x1024.jpg 820w, https:\/\/www.pgddobje.si\/wp-content\/uploads\/2017\/02\/seznam-ustanoviteljev-pgd-240x300.jpg 240w, https:\/\/www.pgddobje.si\/wp-content\/uploads\/2017\/02\/seznam-ustanoviteljev-pgd-768x959.jpg 768w, https:\/\/www.pgddobje.si\/wp-content\/uploads\/2017\/02\/seznam-ustanoviteljev-pgd.jpg 1586w\" sizes=\"auto, (max-width: 700px) 100vw, 700px\" \/><\/a><p id=\"caption-attachment-859\" class=\"wp-caption-text\">Seznam ustanoviteljev Gasilskega dru\u0161tva Dobje pri Planini<\/p><\/div>\n<div id=\"attachment_860\" style=\"width: 710px\" class=\"wp-caption aligncenter\"><a href=\"http:\/\/www.pgddobje.si\/wp-content\/uploads\/2017\/02\/del-zapisnika.jpg\"><img loading=\"lazy\" decoding=\"async\" aria-describedby=\"caption-attachment-860\" class=\"size-large wp-image-860\" src=\"http:\/\/www.pgddobje.si\/wp-content\/uploads\/2017\/02\/del-zapisnika-748x1024.jpg\" alt=\"Del zapisnika ustanovnega ob\u010dnega zbora\" width=\"700\" height=\"958\" srcset=\"https:\/\/www.pgddobje.si\/wp-content\/uploads\/2017\/02\/del-zapisnika-748x1024.jpg 748w, https:\/\/www.pgddobje.si\/wp-content\/uploads\/2017\/02\/del-zapisnika-219x300.jpg 219w, https:\/\/www.pgddobje.si\/wp-content\/uploads\/2017\/02\/del-zapisnika-768x1051.jpg 768w, https:\/\/www.pgddobje.si\/wp-content\/uploads\/2017\/02\/del-zapisnika.jpg 1397w\" sizes=\"auto, (max-width: 700px) 100vw, 700px\" \/><\/a><p id=\"caption-attachment-860\" class=\"wp-caption-text\">Del zapisnika ustanovnega ob\u010dnega zbora<\/p><\/div>\n<p>Krajevna skupnost Dobje je bila do leta 1976 v primeru po\u017earov odvisna od iznajdljivosti prebivalcev in sosednjih dru\u0161tev (Kalobje, Planina, Slivnica). Zavedali so se, da je ob po\u017earih in drugih nesre\u010dah pomembna hitra pomo\u010d, zato so za\u010deli razmi\u0161ljati o ustanovitvi lastnega prostovoljnega gasilskega dru\u0161tva. Na svetu Krajevne skupnosti Dobje, 1. aprila 1976, so sprejeli sklep o ustanovitvi, ustanovni ob\u010dni zbor Gasilskega dru\u0161tva Dobje pri Planini pa je bil 15. maja 1976 ob 19. uri v osnovni \u0161oli Dobje. Prebivalci so pokazali veliko zanimanje, saj se je uvodnega sestanka udele\u017eilo kar 42 krajanov. Udele\u017eila sta se ga tudi predstavnika Ob\u010dinske skup\u0161\u010dine \u0160entjur pri Celju, tov. Martin Av\u017ener in Martin Cmok, ki sta zbranim predstavila organizacijo, delovanje, naloge in dol\u017enosti gasilcev. Krajevna skupnost Dobje je za\u010dela delovati kot eno operativno podro\u010dje. Za prvega predsednika Gasilskega dru\u0161tva Dobje pri Planini je bil izvoljen Milan Jan\u0161a iz Ve\u010djega Brda, za poveljnika pa Edi Kova\u010di\u010d iz Repu\u0161a. Dru\u0161tvo so uradno registrirali 6. marca 1978.<\/p>\n<div id=\"attachment_861\" style=\"width: 710px\" class=\"wp-caption aligncenter\"><a href=\"http:\/\/www.pgddobje.si\/wp-content\/uploads\/2017\/02\/registracija-dru\u0161tva.jpg\"><img loading=\"lazy\" decoding=\"async\" aria-describedby=\"caption-attachment-861\" class=\"size-large wp-image-861\" src=\"http:\/\/www.pgddobje.si\/wp-content\/uploads\/2017\/02\/registracija-dru\u0161tva-830x1024.jpg\" alt=\"Registracija dru\u0161tva leta 1978 Na sliki (od leve proti desni) so: Edi Kova\u010di\u010d, Stanko Tovornik, Franci Seli\u010d, Marjan Kova\u010di\u010d, Branko Volasko, Slavko Lon\u010dar, Edi \u0160mid, Jo\u017ee Volasko in Jo\u017ee Rabuza pred \u017eupni\u0161\u010dem v Dobju, v katerem je dru\u0161tvo imelo svoj prostor.\" width=\"700\" height=\"864\" srcset=\"https:\/\/www.pgddobje.si\/wp-content\/uploads\/2017\/02\/registracija-dru\u0161tva-830x1024.jpg 830w, https:\/\/www.pgddobje.si\/wp-content\/uploads\/2017\/02\/registracija-dru\u0161tva-243x300.jpg 243w, https:\/\/www.pgddobje.si\/wp-content\/uploads\/2017\/02\/registracija-dru\u0161tva-768x948.jpg 768w, https:\/\/www.pgddobje.si\/wp-content\/uploads\/2017\/02\/registracija-dru\u0161tva.jpg 1844w\" sizes=\"auto, (max-width: 700px) 100vw, 700px\" \/><\/a><p id=\"caption-attachment-861\" class=\"wp-caption-text\">Registracija dru\u0161tva leta 1978<br \/>Na sliki (od leve proti desni) so: Edi Kova\u010di\u010d, Stanko Tovornik, Franci Seli\u010d, Marjan Kova\u010di\u010d, Branko Volasko, Slavko Lon\u010dar, Edi \u0160mid, Jo\u017ee Volasko in Jo\u017ee Rabuza pred \u017eupni\u0161\u010dem v Dobju, v katerem je dru\u0161tvo imelo svoj prostor.<\/p><\/div>\n<div id=\"attachment_862\" style=\"width: 710px\" class=\"wp-caption aligncenter\"><a href=\"http:\/\/www.pgddobje.si\/wp-content\/uploads\/2017\/02\/izvolitev-upravnega-odbora.jpg\"><img loading=\"lazy\" decoding=\"async\" aria-describedby=\"caption-attachment-862\" class=\"size-large wp-image-862\" src=\"http:\/\/www.pgddobje.si\/wp-content\/uploads\/2017\/02\/izvolitev-upravnega-odbora-862x1024.jpg\" alt=\"Izvolitev upravnega in nadzornega odbora\" width=\"700\" height=\"832\" srcset=\"https:\/\/www.pgddobje.si\/wp-content\/uploads\/2017\/02\/izvolitev-upravnega-odbora-862x1024.jpg 862w, https:\/\/www.pgddobje.si\/wp-content\/uploads\/2017\/02\/izvolitev-upravnega-odbora-253x300.jpg 253w, https:\/\/www.pgddobje.si\/wp-content\/uploads\/2017\/02\/izvolitev-upravnega-odbora-768x912.jpg 768w, https:\/\/www.pgddobje.si\/wp-content\/uploads\/2017\/02\/izvolitev-upravnega-odbora.jpg 1335w\" sizes=\"auto, (max-width: 700px) 100vw, 700px\" \/><\/a><p id=\"caption-attachment-862\" class=\"wp-caption-text\">Izvolitev upravnega in nadzornega odbora<\/p><\/div>\n<div id=\"attachment_863\" style=\"width: 1002px\" class=\"wp-caption aligncenter\"><a href=\"http:\/\/www.pgddobje.si\/wp-content\/uploads\/2017\/02\/Gasilci-v-prvih-sve\u010danih-uniformah.jpg\"><img loading=\"lazy\" decoding=\"async\" aria-describedby=\"caption-attachment-863\" class=\"size-full wp-image-863\" src=\"http:\/\/www.pgddobje.si\/wp-content\/uploads\/2017\/02\/Gasilci-v-prvih-sve\u010danih-uniformah.jpg\" alt=\"Gasilci v prvih sve\u010danih uniformah Na sliki so (od leve proti desni): David Salobir, Marjan Kova\u010di\u010d, Jo\u017ee Rabuza, Franc Planko, Jo\u017ee Volasko, Jo\u017ee Hrastnik in Edi Kova\u010di\u010d.\" width=\"992\" height=\"691\" srcset=\"https:\/\/www.pgddobje.si\/wp-content\/uploads\/2017\/02\/Gasilci-v-prvih-sve\u010danih-uniformah.jpg 992w, https:\/\/www.pgddobje.si\/wp-content\/uploads\/2017\/02\/Gasilci-v-prvih-sve\u010danih-uniformah-300x209.jpg 300w, https:\/\/www.pgddobje.si\/wp-content\/uploads\/2017\/02\/Gasilci-v-prvih-sve\u010danih-uniformah-768x535.jpg 768w\" sizes=\"auto, (max-width: 992px) 100vw, 992px\" \/><\/a><p id=\"caption-attachment-863\" class=\"wp-caption-text\">Gasilci v prvih sve\u010danih uniformah<br \/>Na sliki so (od leve proti desni): David Salobir, Marjan Kova\u010di\u010d, Jo\u017ee Rabuza, Franc Planko, Jo\u017ee Volasko, Jo\u017ee Hrastnik in Edi Kova\u010di\u010d.<\/p><\/div>\n<p>Za\u010detki so bili te\u017eki, saj ni bilo ustreznega prostora (prostor v \u017eupni\u0161\u010du), opreme, orodja, usposobljenih gasilcev, zato je bil eden poglavitnih ciljev dru\u0161tva strokovno usposobiti \u010dim ve\u010d \u010dlanov za akcijo ob morebitnih elementarnih nesre\u010dah, hkrati pa motivirati mlade za gasilsko dejavnost. \u010clani so se za\u010deli aktivno udele\u017eevali tekmovanj, raznih sre\u010danj in prostovoljnih akcij. K temu so uspe\u0161no spodbujali tudi pionirje in mladince.<\/p>\n<div id=\"attachment_864\" style=\"width: 963px\" class=\"wp-caption aligncenter\"><a href=\"http:\/\/www.pgddobje.si\/wp-content\/uploads\/2017\/02\/prve-vaje-gasilcev.jpg\"><img loading=\"lazy\" decoding=\"async\" aria-describedby=\"caption-attachment-864\" class=\"size-full wp-image-864\" src=\"http:\/\/www.pgddobje.si\/wp-content\/uploads\/2017\/02\/prve-vaje-gasilcev.jpg\" alt=\"Prve vaje gasilcev v Dobju \u2013 v ospredju Jo\u017ee Volasko\" width=\"953\" height=\"680\" srcset=\"https:\/\/www.pgddobje.si\/wp-content\/uploads\/2017\/02\/prve-vaje-gasilcev.jpg 953w, https:\/\/www.pgddobje.si\/wp-content\/uploads\/2017\/02\/prve-vaje-gasilcev-300x214.jpg 300w, https:\/\/www.pgddobje.si\/wp-content\/uploads\/2017\/02\/prve-vaje-gasilcev-768x548.jpg 768w\" sizes=\"auto, (max-width: 953px) 100vw, 953px\" \/><\/a><p id=\"caption-attachment-864\" class=\"wp-caption-text\">Prve vaje gasilcev v Dobju \u2013 v ospredju Jo\u017ee Volasko<\/p><\/div>\n","protected":false},"excerpt":{"rendered":"<p>Krajevna skupnost Dobje je bila do leta 1976 v primeru po\u017earov odvisna od iznajdljivosti prebivalcev in sosednjih dru\u0161tev (Kalobje, Planina, Slivnica). Zavedali so se, da je ob po\u017earih in drugih nesre\u010dah pomembna hitra pomo\u010d, zato so za\u010deli razmi\u0161ljati o ustanovitvi&hellip; <\/p>\n","protected":false},"author":1,"featured_media":0,"parent":858,"menu_order":0,"comment_status":"closed","ping_status":"closed","template":"","meta":{"ngg_post_thumbnail":0,"footnotes":""},"class_list":["post-960","page","type-page","status-publish","hentry"],"_links":{"self":[{"href":"https:\/\/www.pgddobje.si\/index.php?rest_route=\/wp\/v2\/pages\/960","targetHints":{"allow":["GET"]}}],"collection":[{"href":"https:\/\/www.pgddobje.si\/index.php?rest_route=\/wp\/v2\/pages"}],"about":[{"href":"https:\/\/www.pgddobje.si\/index.php?rest_route=\/wp\/v2\/types\/page"}],"author":[{"embeddable":true,"href":"https:\/\/www.pgddobje.si\/index.php?rest_route=\/wp\/v2\/users\/1"}],"replies":[{"embeddable":true,"href":"https:\/\/www.pgddobje.si\/index.php?rest_route=%2Fwp%2Fv2%2Fcomments&post=960"}],"version-history":[{"count":1,"href":"https:\/\/www.pgddobje.si\/index.php?rest_route=\/wp\/v2\/pages\/960\/revisions"}],"predecessor-version":[{"id":963,"href":"https:\/\/www.pgddobje.si\/index.php?rest_route=\/wp\/v2\/pages\/960\/revisions\/963"}],"up":[{"embeddable":true,"href":"https:\/\/www.pgddobje.si\/index.php?rest_route=\/wp\/v2\/pages\/858"}],"wp:attachment":[{"href":"https:\/\/www.pgddobje.si\/index.php?rest_route=%2Fwp%2Fv2%2Fmedia&parent=960"}],"curies":[{"name":"wp","href":"https:\/\/api.w.org\/{rel}","templated":true}]}}