{"id":964,"date":"2017-02-26T18:24:49","date_gmt":"2017-02-26T17:24:49","guid":{"rendered":"http:\/\/www.pgddobje.si\/?page_id=964"},"modified":"2017-02-26T18:24:49","modified_gmt":"2017-02-26T17:24:49","slug":"prevzem-prvega-gasilskega-vozila-tam-tg-75-1980","status":"publish","type":"page","link":"https:\/\/www.pgddobje.si\/?page_id=964","title":{"rendered":"Prevzem prvega gasilskega vozila  TAM TG 75 (1980)"},"content":{"rendered":"<p>Leta 1980 so gasilci v letni delovni na\u010drt vklju\u010dili nakup gasilskega avtomobila, kombija znamke TAM. Nakup so uresni\u010dili s finan\u010dno podporo Krajevne skupnosti Dobje, Samoupravne interesne skupnosti za varstvo pred po\u017earom Ob\u010dine \u0160entjur in gasilskega dru\u0161tva, ki je veliko denarnih prispevkov pridobilo od prebivalcev Krajevne skupnosti Dobje.<\/p>\n<p>Sve\u010dani prevzem kombija je bil 24. avgusta 1980. Ob tej prilo\u017enosti so enote gasilskega dru\u0161tva \u0160entjur v Dobju prikazale ga\u0161enje po\u017eara na hi\u0161i in za\u0161\u010dito gospodarskega poslopja. Sledil je \u00bbkrst\u00ab novega avtomobila, ki je predstavljal veliko pridobitev dru\u0161tva, zato je bil ta dogodek za vse krajane zelo pomemben.<\/p>\n<div id=\"attachment_865\" style=\"width: 201px\" class=\"wp-caption alignright\"><a href=\"http:\/\/www.pgddobje.si\/wp-content\/uploads\/2017\/02\/\u010dasopisni-\u010dlanek-o-napovedi-slovesnosti.jpg\"><img loading=\"lazy\" decoding=\"async\" aria-describedby=\"caption-attachment-865\" class=\"wp-image-865 size-medium\" src=\"http:\/\/www.pgddobje.si\/wp-content\/uploads\/2017\/02\/\u010dasopisni-\u010dlanek-o-napovedi-slovesnosti-191x300.jpg\" alt=\"\u010casopisni \u010dlanek o napovedi slovesnosti\" width=\"191\" height=\"300\" srcset=\"https:\/\/www.pgddobje.si\/wp-content\/uploads\/2017\/02\/\u010dasopisni-\u010dlanek-o-napovedi-slovesnosti-191x300.jpg 191w, https:\/\/www.pgddobje.si\/wp-content\/uploads\/2017\/02\/\u010dasopisni-\u010dlanek-o-napovedi-slovesnosti.jpg 515w\" sizes=\"auto, (max-width: 191px) 100vw, 191px\" \/><\/a><p id=\"caption-attachment-865\" class=\"wp-caption-text\">\u010casopisni \u010dlanek o napovedi slovesnosti<\/p><\/div>\n<div id=\"attachment_866\" style=\"width: 981px\" class=\"wp-caption aligncenter\"><a href=\"http:\/\/www.pgddobje.si\/wp-content\/uploads\/2017\/02\/parada-v-Dobju-ob-prevzemu-vozila.jpg\"><img loading=\"lazy\" decoding=\"async\" aria-describedby=\"caption-attachment-866\" class=\"size-full wp-image-866\" src=\"http:\/\/www.pgddobje.si\/wp-content\/uploads\/2017\/02\/parada-v-Dobju-ob-prevzemu-vozila.jpg\" alt=\"Parada v Dobju ob prevzemu novega avtomobila\" width=\"971\" height=\"686\" srcset=\"https:\/\/www.pgddobje.si\/wp-content\/uploads\/2017\/02\/parada-v-Dobju-ob-prevzemu-vozila.jpg 971w, https:\/\/www.pgddobje.si\/wp-content\/uploads\/2017\/02\/parada-v-Dobju-ob-prevzemu-vozila-300x212.jpg 300w, https:\/\/www.pgddobje.si\/wp-content\/uploads\/2017\/02\/parada-v-Dobju-ob-prevzemu-vozila-768x543.jpg 768w\" sizes=\"auto, (max-width: 971px) 100vw, 971px\" \/><\/a><p id=\"caption-attachment-866\" class=\"wp-caption-text\">Parada v Dobju ob prevzemu novega avtomobila<\/p><\/div>\n<div id=\"attachment_867\" style=\"width: 985px\" class=\"wp-caption aligncenter\"><a href=\"http:\/\/www.pgddobje.si\/wp-content\/uploads\/2017\/02\/prapor\u0161\u010daki-ob-novem-avtomobilom.jpg\"><img loading=\"lazy\" decoding=\"async\" aria-describedby=\"caption-attachment-867\" class=\"size-full wp-image-867\" src=\"http:\/\/www.pgddobje.si\/wp-content\/uploads\/2017\/02\/prapor\u0161\u010daki-ob-novem-avtomobilom.jpg\" alt=\"Prapor\u0161\u010daki ob novem avtomobilu\" width=\"975\" height=\"692\" srcset=\"https:\/\/www.pgddobje.si\/wp-content\/uploads\/2017\/02\/prapor\u0161\u010daki-ob-novem-avtomobilom.jpg 975w, https:\/\/www.pgddobje.si\/wp-content\/uploads\/2017\/02\/prapor\u0161\u010daki-ob-novem-avtomobilom-300x213.jpg 300w, https:\/\/www.pgddobje.si\/wp-content\/uploads\/2017\/02\/prapor\u0161\u010daki-ob-novem-avtomobilom-768x545.jpg 768w\" sizes=\"auto, (max-width: 975px) 100vw, 975px\" \/><\/a><p id=\"caption-attachment-867\" class=\"wp-caption-text\">Prapor\u0161\u010daki ob novem avtomobilu<\/p><\/div>\n<div id=\"attachment_868\" style=\"width: 775px\" class=\"wp-caption aligncenter\"><a href=\"http:\/\/www.pgddobje.si\/wp-content\/uploads\/2017\/02\/Prvi-\u0161ofer-novega-vozila-Stane-Tovornik.jpg\"><img loading=\"lazy\" decoding=\"async\" aria-describedby=\"caption-attachment-868\" class=\"size-full wp-image-868\" src=\"http:\/\/www.pgddobje.si\/wp-content\/uploads\/2017\/02\/Prvi-\u0161ofer-novega-vozila-Stane-Tovornik.jpg\" alt=\"Prvi \u0161ofer novega vozila Stane Tovornik prevzema klju\u010de in priznanje za botrstvo\" width=\"765\" height=\"500\" srcset=\"https:\/\/www.pgddobje.si\/wp-content\/uploads\/2017\/02\/Prvi-\u0161ofer-novega-vozila-Stane-Tovornik.jpg 765w, https:\/\/www.pgddobje.si\/wp-content\/uploads\/2017\/02\/Prvi-\u0161ofer-novega-vozila-Stane-Tovornik-300x196.jpg 300w\" sizes=\"auto, (max-width: 765px) 100vw, 765px\" \/><\/a><p id=\"caption-attachment-868\" class=\"wp-caption-text\">Prvi \u0161ofer novega vozila Stane Tovornik prevzema klju\u010de in priznanje za botrstvo<\/p><\/div>\n<div id=\"attachment_869\" style=\"width: 597px\" class=\"wp-caption aligncenter\"><a href=\"http:\/\/www.pgddobje.si\/wp-content\/uploads\/2017\/02\/slavnostni-govornik-martin-av\u017ener.jpg\"><img loading=\"lazy\" decoding=\"async\" aria-describedby=\"caption-attachment-869\" class=\"size-full wp-image-869\" src=\"http:\/\/www.pgddobje.si\/wp-content\/uploads\/2017\/02\/slavnostni-govornik-martin-av\u017ener.jpg\" alt=\"Slavnostni govornik Martin Av\u017ener, predsednik Obmo\u010dne gasilske zveze \u0160entjur\" width=\"587\" height=\"477\" srcset=\"https:\/\/www.pgddobje.si\/wp-content\/uploads\/2017\/02\/slavnostni-govornik-martin-av\u017ener.jpg 587w, https:\/\/www.pgddobje.si\/wp-content\/uploads\/2017\/02\/slavnostni-govornik-martin-av\u017ener-300x244.jpg 300w\" sizes=\"auto, (max-width: 587px) 100vw, 587px\" \/><\/a><p id=\"caption-attachment-869\" class=\"wp-caption-text\">Slavnostni govornik Martin Av\u017ener, predsednik Obmo\u010dne gasilske zveze \u0160entjur<\/p><\/div>\n<div id=\"attachment_872\" style=\"width: 710px\" class=\"wp-caption aligncenter\"><a href=\"http:\/\/www.pgddobje.si\/wp-content\/uploads\/2017\/02\/Ob\u010dinstvo-spremlja-.jpg\"><img loading=\"lazy\" decoding=\"async\" aria-describedby=\"caption-attachment-872\" class=\"size-large wp-image-872\" src=\"http:\/\/www.pgddobje.si\/wp-content\/uploads\/2017\/02\/Ob\u010dinstvo-spremlja--1024x434.jpg\" alt=\"Ob\u010dinstvo spremlja demonstracijsko vajo ga\u0161enja pri doma\u010diji Gra\u010dner\" width=\"700\" height=\"297\" srcset=\"https:\/\/www.pgddobje.si\/wp-content\/uploads\/2017\/02\/Ob\u010dinstvo-spremlja--1024x434.jpg 1024w, https:\/\/www.pgddobje.si\/wp-content\/uploads\/2017\/02\/Ob\u010dinstvo-spremlja--300x127.jpg 300w, https:\/\/www.pgddobje.si\/wp-content\/uploads\/2017\/02\/Ob\u010dinstvo-spremlja--768x325.jpg 768w, https:\/\/www.pgddobje.si\/wp-content\/uploads\/2017\/02\/Ob\u010dinstvo-spremlja-.jpg 1608w\" sizes=\"auto, (max-width: 700px) 100vw, 700px\" \/><\/a><p id=\"caption-attachment-872\" class=\"wp-caption-text\">Ob\u010dinstvo spremlja demonstracijsko vajo ga\u0161enja pri doma\u010diji Gra\u010dner<\/p><\/div>\n<div id=\"attachment_870\" style=\"width: 625px\" class=\"wp-caption aligncenter\"><a href=\"http:\/\/www.pgddobje.si\/wp-content\/uploads\/2017\/02\/Zahvalni-govor-Franca-Salobirja.jpg\"><img loading=\"lazy\" decoding=\"async\" aria-describedby=\"caption-attachment-870\" class=\"size-full wp-image-870\" src=\"http:\/\/www.pgddobje.si\/wp-content\/uploads\/2017\/02\/Zahvalni-govor-Franca-Salobirja.jpg\" alt=\"Zahvalni govor predsednika Gasilskega dru\u0161tva Dobje pri Planini Franca Salobirja\" width=\"615\" height=\"468\" srcset=\"https:\/\/www.pgddobje.si\/wp-content\/uploads\/2017\/02\/Zahvalni-govor-Franca-Salobirja.jpg 615w, https:\/\/www.pgddobje.si\/wp-content\/uploads\/2017\/02\/Zahvalni-govor-Franca-Salobirja-300x228.jpg 300w\" sizes=\"auto, (max-width: 615px) 100vw, 615px\" \/><\/a><p id=\"caption-attachment-870\" class=\"wp-caption-text\">Zahvalni govor predsednika Gasilskega dru\u0161tva Dobje pri Planini Franca Salobirja<\/p><\/div>\n","protected":false},"excerpt":{"rendered":"<p>Leta 1980 so gasilci v letni delovni na\u010drt vklju\u010dili nakup gasilskega avtomobila, kombija znamke TAM. Nakup so uresni\u010dili s finan\u010dno podporo Krajevne skupnosti Dobje, Samoupravne interesne skupnosti za varstvo pred po\u017earom Ob\u010dine \u0160entjur in gasilskega dru\u0161tva, ki je veliko denarnih&hellip; <\/p>\n","protected":false},"author":1,"featured_media":0,"parent":858,"menu_order":0,"comment_status":"closed","ping_status":"closed","template":"","meta":{"ngg_post_thumbnail":0,"footnotes":""},"class_list":["post-964","page","type-page","status-publish","hentry"],"_links":{"self":[{"href":"https:\/\/www.pgddobje.si\/index.php?rest_route=\/wp\/v2\/pages\/964","targetHints":{"allow":["GET"]}}],"collection":[{"href":"https:\/\/www.pgddobje.si\/index.php?rest_route=\/wp\/v2\/pages"}],"about":[{"href":"https:\/\/www.pgddobje.si\/index.php?rest_route=\/wp\/v2\/types\/page"}],"author":[{"embeddable":true,"href":"https:\/\/www.pgddobje.si\/index.php?rest_route=\/wp\/v2\/users\/1"}],"replies":[{"embeddable":true,"href":"https:\/\/www.pgddobje.si\/index.php?rest_route=%2Fwp%2Fv2%2Fcomments&post=964"}],"version-history":[{"count":1,"href":"https:\/\/www.pgddobje.si\/index.php?rest_route=\/wp\/v2\/pages\/964\/revisions"}],"predecessor-version":[{"id":965,"href":"https:\/\/www.pgddobje.si\/index.php?rest_route=\/wp\/v2\/pages\/964\/revisions\/965"}],"up":[{"embeddable":true,"href":"https:\/\/www.pgddobje.si\/index.php?rest_route=\/wp\/v2\/pages\/858"}],"wp:attachment":[{"href":"https:\/\/www.pgddobje.si\/index.php?rest_route=%2Fwp%2Fv2%2Fmedia&parent=964"}],"curies":[{"name":"wp","href":"https:\/\/api.w.org\/{rel}","templated":true}]}}