{"id":969,"date":"2017-02-26T18:27:00","date_gmt":"2017-02-26T17:27:00","guid":{"rendered":"http:\/\/www.pgddobje.si\/?page_id=969"},"modified":"2017-02-26T18:27:00","modified_gmt":"2017-02-26T17:27:00","slug":"10-let-delovanja-pgd-dobje-razvitje-prapora-ob-jubileju-1986","status":"publish","type":"page","link":"https:\/\/www.pgddobje.si\/?page_id=969","title":{"rendered":"10 let delovanja PGD Dobje \u2013  razvitje prapora ob jubileju (1986)"},"content":{"rendered":"<div id=\"attachment_893\" style=\"width: 710px\" class=\"wp-caption aligncenter\"><a href=\"http:\/\/www.pgddobje.si\/wp-content\/uploads\/2017\/02\/Prapor-veliko-sliko.jpg\"><img loading=\"lazy\" decoding=\"async\" aria-describedby=\"caption-attachment-893\" class=\"size-large wp-image-893\" src=\"http:\/\/www.pgddobje.si\/wp-content\/uploads\/2017\/02\/Prapor-veliko-sliko-1024x768.jpg\" alt=\"Prapor, ki so ga razvili ob 10. obletnici GD Dobje \" width=\"700\" height=\"525\" srcset=\"https:\/\/www.pgddobje.si\/wp-content\/uploads\/2017\/02\/Prapor-veliko-sliko-1024x768.jpg 1024w, https:\/\/www.pgddobje.si\/wp-content\/uploads\/2017\/02\/Prapor-veliko-sliko-300x225.jpg 300w, https:\/\/www.pgddobje.si\/wp-content\/uploads\/2017\/02\/Prapor-veliko-sliko-768x576.jpg 768w\" sizes=\"auto, (max-width: 700px) 100vw, 700px\" \/><\/a><p id=\"caption-attachment-893\" class=\"wp-caption-text\">Prapor, ki so ga razvili ob 10. obletnici GD Dobje<\/p><\/div>\n<p>Na letni konferenci so gasilci sprejeli sklep, da bodo ob jubileju razvili prapor. \u010ceprav je bilo aktivnih \u010dlanov samo 40, je dru\u0161tvo bilo med najaktivnej\u0161imi v Ob\u010dini \u0160entjur. Slavnostni dogodek z razvitjem prapora in podelitvijo priznanj je bil 14. septembra 1986. Za trak na praporu je prispevalo 16 darovalcev, za zlati \u017eeblji\u010dek 59 in za srebrni \u017eeblji\u010dek 22 darovalcev.<\/p>\n<div id=\"attachment_894\" style=\"width: 710px\" class=\"wp-caption aligncenter\"><a href=\"http:\/\/www.pgddobje.si\/wp-content\/uploads\/2017\/02\/Prispevki-za-trak.jpg\"><img loading=\"lazy\" decoding=\"async\" aria-describedby=\"caption-attachment-894\" class=\"size-large wp-image-894\" src=\"http:\/\/www.pgddobje.si\/wp-content\/uploads\/2017\/02\/Prispevki-za-trak-1024x855.jpg\" alt=\"Seznam darovalcev za trakove na praporu\" width=\"700\" height=\"584\" srcset=\"https:\/\/www.pgddobje.si\/wp-content\/uploads\/2017\/02\/Prispevki-za-trak-1024x855.jpg 1024w, https:\/\/www.pgddobje.si\/wp-content\/uploads\/2017\/02\/Prispevki-za-trak-300x250.jpg 300w, https:\/\/www.pgddobje.si\/wp-content\/uploads\/2017\/02\/Prispevki-za-trak-768x641.jpg 768w, https:\/\/www.pgddobje.si\/wp-content\/uploads\/2017\/02\/Prispevki-za-trak.jpg 1228w\" sizes=\"auto, (max-width: 700px) 100vw, 700px\" \/><\/a><p id=\"caption-attachment-894\" class=\"wp-caption-text\">Seznam darovalcev za trakove na praporu<\/p><\/div>\n<div id=\"attachment_892\" style=\"width: 254px\" class=\"wp-caption alignright\"><a href=\"http:\/\/www.pgddobje.si\/wp-content\/uploads\/2017\/02\/Vabilo.jpg\"><img loading=\"lazy\" decoding=\"async\" aria-describedby=\"caption-attachment-892\" class=\"wp-image-892 size-medium\" src=\"http:\/\/www.pgddobje.si\/wp-content\/uploads\/2017\/02\/Vabilo-244x300.jpg\" alt=\"Vabilo na 10. obletnico delovanja GD Dobje\" width=\"244\" height=\"300\" srcset=\"https:\/\/www.pgddobje.si\/wp-content\/uploads\/2017\/02\/Vabilo-244x300.jpg 244w, https:\/\/www.pgddobje.si\/wp-content\/uploads\/2017\/02\/Vabilo-768x944.jpg 768w, https:\/\/www.pgddobje.si\/wp-content\/uploads\/2017\/02\/Vabilo-833x1024.jpg 833w, https:\/\/www.pgddobje.si\/wp-content\/uploads\/2017\/02\/Vabilo.jpg 1386w\" sizes=\"auto, (max-width: 244px) 100vw, 244px\" \/><\/a><p id=\"caption-attachment-892\" class=\"wp-caption-text\">Vabilo na 10. obletnico delovanja GD Dobje<\/p><\/div>\n<div id=\"attachment_891\" style=\"width: 976px\" class=\"wp-caption aligncenter\"><a href=\"http:\/\/www.pgddobje.si\/wp-content\/uploads\/2017\/02\/Slavnostrni-govornik.jpg\"><img loading=\"lazy\" decoding=\"async\" aria-describedby=\"caption-attachment-891\" class=\"size-full wp-image-891\" src=\"http:\/\/www.pgddobje.si\/wp-content\/uploads\/2017\/02\/Slavnostrni-govornik.jpg\" alt=\"Slavnostni govornik Martin Av\u017ener, predsednik OGZ \u0160entjur\" width=\"966\" height=\"676\" srcset=\"https:\/\/www.pgddobje.si\/wp-content\/uploads\/2017\/02\/Slavnostrni-govornik.jpg 966w, https:\/\/www.pgddobje.si\/wp-content\/uploads\/2017\/02\/Slavnostrni-govornik-300x210.jpg 300w, https:\/\/www.pgddobje.si\/wp-content\/uploads\/2017\/02\/Slavnostrni-govornik-768x537.jpg 768w\" sizes=\"auto, (max-width: 966px) 100vw, 966px\" \/><\/a><p id=\"caption-attachment-891\" class=\"wp-caption-text\">Slavnostni govornik Martin Av\u017ener, predsednik OGZ \u0160entjur<\/p><\/div>\n<p><a href=\"http:\/\/www.pgddobje.si\/wp-content\/uploads\/2017\/02\/SKM_C224e19021010060_0007-3.jpg\"><img loading=\"lazy\" decoding=\"async\" class=\"aligncenter size-full wp-image-890\" src=\"http:\/\/www.pgddobje.si\/wp-content\/uploads\/2017\/02\/SKM_C224e19021010060_0007-3.jpg\" alt=\"\" width=\"972\" height=\"695\" srcset=\"https:\/\/www.pgddobje.si\/wp-content\/uploads\/2017\/02\/SKM_C224e19021010060_0007-3.jpg 972w, https:\/\/www.pgddobje.si\/wp-content\/uploads\/2017\/02\/SKM_C224e19021010060_0007-3-300x215.jpg 300w, https:\/\/www.pgddobje.si\/wp-content\/uploads\/2017\/02\/SKM_C224e19021010060_0007-3-768x549.jpg 768w\" sizes=\"auto, (max-width: 972px) 100vw, 972px\" \/><\/a><\/p>\n<div id=\"attachment_889\" style=\"width: 975px\" class=\"wp-caption aligncenter\"><a href=\"http:\/\/www.pgddobje.si\/wp-content\/uploads\/2017\/02\/Razvitje-prapora.jpg\"><img loading=\"lazy\" decoding=\"async\" aria-describedby=\"caption-attachment-889\" class=\"size-full wp-image-889\" src=\"http:\/\/www.pgddobje.si\/wp-content\/uploads\/2017\/02\/Razvitje-prapora.jpg\" alt=\"Razvitje prapora GD Dobje, 14. september 1986\" width=\"965\" height=\"678\" srcset=\"https:\/\/www.pgddobje.si\/wp-content\/uploads\/2017\/02\/Razvitje-prapora.jpg 965w, https:\/\/www.pgddobje.si\/wp-content\/uploads\/2017\/02\/Razvitje-prapora-300x211.jpg 300w, https:\/\/www.pgddobje.si\/wp-content\/uploads\/2017\/02\/Razvitje-prapora-768x540.jpg 768w\" sizes=\"auto, (max-width: 965px) 100vw, 965px\" \/><\/a><p id=\"caption-attachment-889\" class=\"wp-caption-text\">Razvitje prapora GD Dobje, 14. september 1986<\/p><\/div>\n<div id=\"attachment_888\" style=\"width: 710px\" class=\"wp-caption aligncenter\"><a href=\"http:\/\/www.pgddobje.si\/wp-content\/uploads\/2017\/02\/Priznanja-ob-10-let.jpg\"><img loading=\"lazy\" decoding=\"async\" aria-describedby=\"caption-attachment-888\" class=\"size-large wp-image-888\" src=\"http:\/\/www.pgddobje.si\/wp-content\/uploads\/2017\/02\/Priznanja-ob-10-let-833x1024.jpg\" alt=\"Prejemniki priznanj ob 10. obletnici GD Dobje\" width=\"700\" height=\"861\" srcset=\"https:\/\/www.pgddobje.si\/wp-content\/uploads\/2017\/02\/Priznanja-ob-10-let-833x1024.jpg 833w, https:\/\/www.pgddobje.si\/wp-content\/uploads\/2017\/02\/Priznanja-ob-10-let-244x300.jpg 244w, https:\/\/www.pgddobje.si\/wp-content\/uploads\/2017\/02\/Priznanja-ob-10-let-768x944.jpg 768w, https:\/\/www.pgddobje.si\/wp-content\/uploads\/2017\/02\/Priznanja-ob-10-let.jpg 1595w\" sizes=\"auto, (max-width: 700px) 100vw, 700px\" \/><\/a><p id=\"caption-attachment-888\" class=\"wp-caption-text\">Prejemniki priznanj ob 10. obletnici GD Dobje<\/p><\/div>\n<blockquote><p>\u00bbNobeden od nas pred desetimi leti ni mogel verjeti, da se bo tako lepo razvilo gasilsko delo, da bomo ob deseti obletnici razvili na\u0161 prapor.\u00ab<\/p>\n<p>(Franc Salobir, takratni predsednik dru\u0161tva)<\/p><\/blockquote>\n","protected":false},"excerpt":{"rendered":"<p>Na letni konferenci so gasilci sprejeli sklep, da bodo ob jubileju razvili prapor. \u010ceprav je bilo aktivnih \u010dlanov samo 40, je dru\u0161tvo bilo med najaktivnej\u0161imi v Ob\u010dini \u0160entjur. Slavnostni dogodek z razvitjem prapora in podelitvijo priznanj je bil 14. septembra&hellip; <\/p>\n","protected":false},"author":1,"featured_media":0,"parent":858,"menu_order":0,"comment_status":"closed","ping_status":"closed","template":"","meta":{"ngg_post_thumbnail":0,"footnotes":""},"class_list":["post-969","page","type-page","status-publish","hentry"],"_links":{"self":[{"href":"https:\/\/www.pgddobje.si\/index.php?rest_route=\/wp\/v2\/pages\/969","targetHints":{"allow":["GET"]}}],"collection":[{"href":"https:\/\/www.pgddobje.si\/index.php?rest_route=\/wp\/v2\/pages"}],"about":[{"href":"https:\/\/www.pgddobje.si\/index.php?rest_route=\/wp\/v2\/types\/page"}],"author":[{"embeddable":true,"href":"https:\/\/www.pgddobje.si\/index.php?rest_route=\/wp\/v2\/users\/1"}],"replies":[{"embeddable":true,"href":"https:\/\/www.pgddobje.si\/index.php?rest_route=%2Fwp%2Fv2%2Fcomments&post=969"}],"version-history":[{"count":1,"href":"https:\/\/www.pgddobje.si\/index.php?rest_route=\/wp\/v2\/pages\/969\/revisions"}],"predecessor-version":[{"id":970,"href":"https:\/\/www.pgddobje.si\/index.php?rest_route=\/wp\/v2\/pages\/969\/revisions\/970"}],"up":[{"embeddable":true,"href":"https:\/\/www.pgddobje.si\/index.php?rest_route=\/wp\/v2\/pages\/858"}],"wp:attachment":[{"href":"https:\/\/www.pgddobje.si\/index.php?rest_route=%2Fwp%2Fv2%2Fmedia&parent=969"}],"curies":[{"name":"wp","href":"https:\/\/api.w.org\/{rel}","templated":true}]}}