{"id":975,"date":"2017-02-26T18:28:18","date_gmt":"2017-02-26T17:28:18","guid":{"rendered":"http:\/\/www.pgddobje.si\/?page_id=975"},"modified":"2017-02-26T18:28:18","modified_gmt":"2017-02-26T17:28:18","slug":"20-let-delovanja-pgd-dobje-1996","status":"publish","type":"page","link":"https:\/\/www.pgddobje.si\/?page_id=975","title":{"rendered":"20 let delovanja PGD Dobje (1996)"},"content":{"rendered":"<p>\u010clani dru\u0161tva so vestno izpolnjevali svoje obveznosti. Bili so vsestransko aktivni. Prirejali in udele\u017eevali so se \u0161tevilnih ob\u010dnih zborov, raznih obletnic dru\u0161tev, prevzemov vozil, delovnih akcij, tudi pogrebov. Sledilo je praznovanje 20. obletnice delovanja PGD Dobje, ki je bilo 7. julija 1996. Slavnostna govornika sta bila predstavnik Gasilske zveze \u0160entjur, gospod Martin Cmok, in \u017eupan Ob\u010dine \u0160entjur, gospod Jurij Malovrh. Praznovanja so se udele\u017eili tudi \u010dlani sosednjih dru\u0161tev. Kulturni program je popestrila folklorna skupina Osnovne \u0161ole Dobje. Za veselo dru\u017eenje je poskrbel ansambel \u0160tirje Kova\u010di.&nbsp;<\/p>\n<div id=\"attachment_912\" style=\"width: 710px\" class=\"wp-caption aligncenter\"><a href=\"http:\/\/www.pgddobje.si\/wp-content\/uploads\/2017\/02\/Vabilo-2.jpg\"><img loading=\"lazy\" decoding=\"async\" aria-describedby=\"caption-attachment-912\" class=\"size-large wp-image-912\" src=\"http:\/\/www.pgddobje.si\/wp-content\/uploads\/2017\/02\/Vabilo-2-805x1024.jpg\" alt=\"Vabilo na 20. obletnico delovanja PGD Dobje\" width=\"700\" height=\"890\" srcset=\"https:\/\/www.pgddobje.si\/wp-content\/uploads\/2017\/02\/Vabilo-2-805x1024.jpg 805w, https:\/\/www.pgddobje.si\/wp-content\/uploads\/2017\/02\/Vabilo-2-236x300.jpg 236w, https:\/\/www.pgddobje.si\/wp-content\/uploads\/2017\/02\/Vabilo-2-768x977.jpg 768w, https:\/\/www.pgddobje.si\/wp-content\/uploads\/2017\/02\/Vabilo-2.jpg 1238w\" sizes=\"auto, (max-width: 700px) 100vw, 700px\" \/><\/a><p id=\"caption-attachment-912\" class=\"wp-caption-text\">Vabilo na 20. obletnico delovanja PGD Dobje<\/p><\/div>\n<div id=\"attachment_913\" style=\"width: 999px\" class=\"wp-caption aligncenter\"><a href=\"http:\/\/www.pgddobje.si\/wp-content\/uploads\/2017\/02\/Mno\u017ei\u010den-obisk-ob\u010danov-ob-20-obletnici.jpg\"><img loading=\"lazy\" decoding=\"async\" aria-describedby=\"caption-attachment-913\" class=\"size-full wp-image-913\" src=\"http:\/\/www.pgddobje.si\/wp-content\/uploads\/2017\/02\/Mno\u017ei\u010den-obisk-ob\u010danov-ob-20-obletnici.jpg\" alt=\"Mno\u017ei\u010dni obisk ob\u010danov ob 20. obletnici PGD Dobje\" width=\"989\" height=\"583\" srcset=\"https:\/\/www.pgddobje.si\/wp-content\/uploads\/2017\/02\/Mno\u017ei\u010den-obisk-ob\u010danov-ob-20-obletnici.jpg 989w, https:\/\/www.pgddobje.si\/wp-content\/uploads\/2017\/02\/Mno\u017ei\u010den-obisk-ob\u010danov-ob-20-obletnici-300x177.jpg 300w, https:\/\/www.pgddobje.si\/wp-content\/uploads\/2017\/02\/Mno\u017ei\u010den-obisk-ob\u010danov-ob-20-obletnici-768x453.jpg 768w\" sizes=\"auto, (max-width: 989px) 100vw, 989px\" \/><\/a><p id=\"caption-attachment-913\" class=\"wp-caption-text\">Mno\u017ei\u010dni obisk ob\u010danov ob 20. obletnici PGD Dobje<\/p><\/div>\n<div id=\"attachment_914\" style=\"width: 998px\" class=\"wp-caption aligncenter\"><a href=\"http:\/\/www.pgddobje.si\/wp-content\/uploads\/2017\/02\/Nastop-folklorne-skupine.jpg\"><img loading=\"lazy\" decoding=\"async\" aria-describedby=\"caption-attachment-914\" class=\"size-full wp-image-914\" src=\"http:\/\/www.pgddobje.si\/wp-content\/uploads\/2017\/02\/Nastop-folklorne-skupine.jpg\" alt=\"Nastop folklorne skupine na slavnostni prireditvi\" width=\"988\" height=\"680\" srcset=\"https:\/\/www.pgddobje.si\/wp-content\/uploads\/2017\/02\/Nastop-folklorne-skupine.jpg 988w, https:\/\/www.pgddobje.si\/wp-content\/uploads\/2017\/02\/Nastop-folklorne-skupine-300x206.jpg 300w, https:\/\/www.pgddobje.si\/wp-content\/uploads\/2017\/02\/Nastop-folklorne-skupine-768x529.jpg 768w\" sizes=\"auto, (max-width: 988px) 100vw, 988px\" \/><\/a><p id=\"caption-attachment-914\" class=\"wp-caption-text\">Nastop folklorne skupine na slavnostni prireditvi<\/p><\/div>\n<div id=\"attachment_915\" style=\"width: 531px\" class=\"wp-caption aligncenter\"><a href=\"http:\/\/www.pgddobje.si\/wp-content\/uploads\/2017\/02\/Slavnostna-govornika-Jurij-Malovrh-zupan.jpg\"><img loading=\"lazy\" decoding=\"async\" aria-describedby=\"caption-attachment-915\" class=\"size-full wp-image-915\" src=\"http:\/\/www.pgddobje.si\/wp-content\/uploads\/2017\/02\/Slavnostna-govornika-Jurij-Malovrh-zupan.jpg\" alt=\"Slavnostna govornika Jurij Malovrh, \u017eupan Ob\u010dine \u0160entjur, in Martin Cmok\" width=\"521\" height=\"709\" srcset=\"https:\/\/www.pgddobje.si\/wp-content\/uploads\/2017\/02\/Slavnostna-govornika-Jurij-Malovrh-zupan.jpg 521w, https:\/\/www.pgddobje.si\/wp-content\/uploads\/2017\/02\/Slavnostna-govornika-Jurij-Malovrh-zupan-220x300.jpg 220w\" sizes=\"auto, (max-width: 521px) 100vw, 521px\" \/><\/a><p id=\"caption-attachment-915\" class=\"wp-caption-text\">Slavnostna govornika Jurij Malovrh, \u017eupan Ob\u010dine \u0160entjur, in Martin Cmok<\/p><\/div>\n","protected":false},"excerpt":{"rendered":"<p>\u010clani dru\u0161tva so vestno izpolnjevali svoje obveznosti. Bili so vsestransko aktivni. Prirejali in udele\u017eevali so se \u0161tevilnih ob\u010dnih zborov, raznih obletnic dru\u0161tev, prevzemov vozil, delovnih akcij, tudi pogrebov. Sledilo je praznovanje 20. obletnice delovanja PGD Dobje, ki je bilo 7.&hellip; <\/p>\n","protected":false},"author":1,"featured_media":0,"parent":858,"menu_order":0,"comment_status":"closed","ping_status":"closed","template":"","meta":{"ngg_post_thumbnail":0,"footnotes":""},"class_list":["post-975","page","type-page","status-publish","hentry"],"_links":{"self":[{"href":"https:\/\/www.pgddobje.si\/index.php?rest_route=\/wp\/v2\/pages\/975","targetHints":{"allow":["GET"]}}],"collection":[{"href":"https:\/\/www.pgddobje.si\/index.php?rest_route=\/wp\/v2\/pages"}],"about":[{"href":"https:\/\/www.pgddobje.si\/index.php?rest_route=\/wp\/v2\/types\/page"}],"author":[{"embeddable":true,"href":"https:\/\/www.pgddobje.si\/index.php?rest_route=\/wp\/v2\/users\/1"}],"replies":[{"embeddable":true,"href":"https:\/\/www.pgddobje.si\/index.php?rest_route=%2Fwp%2Fv2%2Fcomments&post=975"}],"version-history":[{"count":1,"href":"https:\/\/www.pgddobje.si\/index.php?rest_route=\/wp\/v2\/pages\/975\/revisions"}],"predecessor-version":[{"id":976,"href":"https:\/\/www.pgddobje.si\/index.php?rest_route=\/wp\/v2\/pages\/975\/revisions\/976"}],"up":[{"embeddable":true,"href":"https:\/\/www.pgddobje.si\/index.php?rest_route=\/wp\/v2\/pages\/858"}],"wp:attachment":[{"href":"https:\/\/www.pgddobje.si\/index.php?rest_route=%2Fwp%2Fv2%2Fmedia&parent=975"}],"curies":[{"name":"wp","href":"https:\/\/api.w.org\/{rel}","templated":true}]}}