{"id":977,"date":"2017-02-26T18:29:35","date_gmt":"2017-02-26T17:29:35","guid":{"rendered":"http:\/\/www.pgddobje.si\/?page_id=977"},"modified":"2017-02-26T18:29:35","modified_gmt":"2017-02-26T17:29:35","slug":"25-let-delovanja-pgd-dobje-prevzem-avtocisterne-man-2001","status":"publish","type":"page","link":"https:\/\/www.pgddobje.si\/?page_id=977","title":{"rendered":"25 let delovanja PGD Dobje \u2013  prevzem avtocisterne MAN (2001)"},"content":{"rendered":"<p>Leta 2001 so na ob\u010dnem zboru PGD Dobje sprejeli sklep o nabavi avtocisterne. Zavedali so se, da je njihov cilj povezan z velikim finan\u010dnim zalogajem, zato so se s pro\u0161njo za pridobitev denarnih sredstev obrnili na \u0161tevilna podjetja, organizacije in seveda na vse ob\u010dane Ob\u010dine Dobje. Ve\u010dino denarja je prispevala Ob\u010dina Dobje, nekaj gasilci, precej\u0161nji dele\u017e pa so zbrali na dobrodelne na\u010dine. \u010clani dru\u0161tva so po vaseh zbirali prostovoljne prispevke. Po novem letu so pripravili ve\u010d licitacij svinjskih glav. Nekaj krajanov je podarilo pra\u0161i\u010de, ki so jih ob nedeljah po ma\u0161i izlicitirali sredi trga pred gasilskim domom. Ve\u010dino licitacij je vodil takratni \u017eupan in predsednik PGD Dobje Franci Salobir. Na njegovo pobudo so organizirali tudi dobrodelni koncert, na katerega so povabili mnoge ansamble in posameznike, ki so se z veseljem odzvali povabilu. Koncert je bil 7. oktobra 2001 in je bil odli\u010dno obiskan. Tako je PGD Dobje kon\u010dno zbralo dovolj denarnih sredstev za novo, sodobno gasilsko vozilo s cisterno za u\u010dinkovitej\u0161e intervencije na zahtevnem terenu. Uradni prevzem cisterne in 25. obletnico delovanja PGD Dobje so obele\u017eili 28. oktobra 2001.<\/p>\n<div id=\"attachment_921\" style=\"width: 710px\" class=\"wp-caption aligncenter\"><a href=\"http:\/\/www.pgddobje.si\/wp-content\/uploads\/2017\/02\/Mimohod-prapor\u0161\u010dakov-1.jpg\"><img loading=\"lazy\" decoding=\"async\" aria-describedby=\"caption-attachment-921\" class=\"size-large wp-image-921\" src=\"http:\/\/www.pgddobje.si\/wp-content\/uploads\/2017\/02\/Mimohod-prapor\u0161\u010dakov-1-1024x660.jpg\" alt=\"Mimohod prapor\u0161\u010dakov\" width=\"700\" height=\"451\" srcset=\"https:\/\/www.pgddobje.si\/wp-content\/uploads\/2017\/02\/Mimohod-prapor\u0161\u010dakov-1-1024x660.jpg 1024w, https:\/\/www.pgddobje.si\/wp-content\/uploads\/2017\/02\/Mimohod-prapor\u0161\u010dakov-1-300x193.jpg 300w, https:\/\/www.pgddobje.si\/wp-content\/uploads\/2017\/02\/Mimohod-prapor\u0161\u010dakov-1-768x495.jpg 768w, https:\/\/www.pgddobje.si\/wp-content\/uploads\/2017\/02\/Mimohod-prapor\u0161\u010dakov-1.jpg 1195w\" sizes=\"auto, (max-width: 700px) 100vw, 700px\" \/><\/a><p id=\"caption-attachment-921\" class=\"wp-caption-text\">Mimohod prapor\u0161\u010dakov<\/p><\/div>\n<div id=\"attachment_922\" style=\"width: 710px\" class=\"wp-caption aligncenter\"><a href=\"http:\/\/www.pgddobje.si\/wp-content\/uploads\/2017\/02\/Nova-avtocisterna.jpg\"><img loading=\"lazy\" decoding=\"async\" aria-describedby=\"caption-attachment-922\" class=\"size-large wp-image-922\" src=\"http:\/\/www.pgddobje.si\/wp-content\/uploads\/2017\/02\/Nova-avtocisterna-1024x768.jpg\" alt=\"Nova avtocisterna znamke MAN\" width=\"700\" height=\"525\" srcset=\"https:\/\/www.pgddobje.si\/wp-content\/uploads\/2017\/02\/Nova-avtocisterna-1024x768.jpg 1024w, https:\/\/www.pgddobje.si\/wp-content\/uploads\/2017\/02\/Nova-avtocisterna-300x225.jpg 300w, https:\/\/www.pgddobje.si\/wp-content\/uploads\/2017\/02\/Nova-avtocisterna-768x576.jpg 768w\" sizes=\"auto, (max-width: 700px) 100vw, 700px\" \/><\/a><p id=\"caption-attachment-922\" class=\"wp-caption-text\">Nova avtocisterna znamke MAN<\/p><\/div>\n<div id=\"attachment_923\" style=\"width: 710px\" class=\"wp-caption aligncenter\"><a href=\"http:\/\/www.pgddobje.si\/wp-content\/uploads\/2017\/02\/Prikaz-delovanja-cisterne.jpg\"><img loading=\"lazy\" decoding=\"async\" aria-describedby=\"caption-attachment-923\" class=\"size-large wp-image-923\" src=\"http:\/\/www.pgddobje.si\/wp-content\/uploads\/2017\/02\/Prikaz-delovanja-cisterne-1024x537.jpg\" alt=\"Prikaz delovanja avtocisterne\" width=\"700\" height=\"367\" srcset=\"https:\/\/www.pgddobje.si\/wp-content\/uploads\/2017\/02\/Prikaz-delovanja-cisterne-1024x537.jpg 1024w, https:\/\/www.pgddobje.si\/wp-content\/uploads\/2017\/02\/Prikaz-delovanja-cisterne-300x157.jpg 300w, https:\/\/www.pgddobje.si\/wp-content\/uploads\/2017\/02\/Prikaz-delovanja-cisterne-768x403.jpg 768w\" sizes=\"auto, (max-width: 700px) 100vw, 700px\" \/><\/a><p id=\"caption-attachment-923\" class=\"wp-caption-text\">Prikaz delovanja avtocisterne<\/p><\/div>\n<div id=\"attachment_924\" style=\"width: 710px\" class=\"wp-caption aligncenter\"><a href=\"http:\/\/www.pgddobje.si\/wp-content\/uploads\/2017\/02\/\u0160ofer-Franci-Leskov\u0161ek-je-prevzel-novo-vozilo.jpg\"><img loading=\"lazy\" decoding=\"async\" aria-describedby=\"caption-attachment-924\" class=\"size-large wp-image-924\" src=\"http:\/\/www.pgddobje.si\/wp-content\/uploads\/2017\/02\/\u0160ofer-Franci-Leskov\u0161ek-je-prevzel-novo-vozilo-1024x656.jpg\" alt=\"\u0160ofer Franci Leskov\u0161ek, ml., je prevzel in preizkusil novo vozilo\" width=\"700\" height=\"448\" srcset=\"https:\/\/www.pgddobje.si\/wp-content\/uploads\/2017\/02\/\u0160ofer-Franci-Leskov\u0161ek-je-prevzel-novo-vozilo-1024x656.jpg 1024w, https:\/\/www.pgddobje.si\/wp-content\/uploads\/2017\/02\/\u0160ofer-Franci-Leskov\u0161ek-je-prevzel-novo-vozilo-300x192.jpg 300w, https:\/\/www.pgddobje.si\/wp-content\/uploads\/2017\/02\/\u0160ofer-Franci-Leskov\u0161ek-je-prevzel-novo-vozilo-768x492.jpg 768w, https:\/\/www.pgddobje.si\/wp-content\/uploads\/2017\/02\/\u0160ofer-Franci-Leskov\u0161ek-je-prevzel-novo-vozilo.jpg 1167w\" sizes=\"auto, (max-width: 700px) 100vw, 700px\" \/><\/a><p id=\"caption-attachment-924\" class=\"wp-caption-text\">\u0160ofer Franci Leskov\u0161ek, ml., je prevzel in preizkusil novo vozilo<\/p><\/div>\n<div id=\"attachment_925\" style=\"width: 710px\" class=\"wp-caption aligncenter\"><a href=\"http:\/\/www.pgddobje.si\/wp-content\/uploads\/2017\/02\/Za\u010detek-slovesnosti-ob-prevzemu-cisterne.jpg\"><img loading=\"lazy\" decoding=\"async\" aria-describedby=\"caption-attachment-925\" class=\"size-large wp-image-925\" src=\"http:\/\/www.pgddobje.si\/wp-content\/uploads\/2017\/02\/Za\u010detek-slovesnosti-ob-prevzemu-cisterne-1024x768.jpg\" alt=\"Za\u010detek slovesnosti ob prevzemu cisterne\" width=\"700\" height=\"525\" srcset=\"https:\/\/www.pgddobje.si\/wp-content\/uploads\/2017\/02\/Za\u010detek-slovesnosti-ob-prevzemu-cisterne-1024x768.jpg 1024w, https:\/\/www.pgddobje.si\/wp-content\/uploads\/2017\/02\/Za\u010detek-slovesnosti-ob-prevzemu-cisterne-300x225.jpg 300w, https:\/\/www.pgddobje.si\/wp-content\/uploads\/2017\/02\/Za\u010detek-slovesnosti-ob-prevzemu-cisterne-768x576.jpg 768w\" sizes=\"auto, (max-width: 700px) 100vw, 700px\" \/><\/a><p id=\"caption-attachment-925\" class=\"wp-caption-text\">Za\u010detek slovesnosti ob prevzemu cisterne<\/p><\/div>\n<div id=\"attachment_926\" style=\"width: 710px\" class=\"wp-caption aligncenter\"><a href=\"http:\/\/www.pgddobje.si\/wp-content\/uploads\/2017\/02\/\u017eupnik-je-blagoslovil-avto.jpg\"><img loading=\"lazy\" decoding=\"async\" aria-describedby=\"caption-attachment-926\" class=\"size-large wp-image-926\" src=\"http:\/\/www.pgddobje.si\/wp-content\/uploads\/2017\/02\/\u017eupnik-je-blagoslovil-avto-1024x659.jpg\" alt=\"Cisterno je blagoslovil doma\u010di duhovnik Milan Zdol\u0161ek\" width=\"700\" height=\"450\" srcset=\"https:\/\/www.pgddobje.si\/wp-content\/uploads\/2017\/02\/\u017eupnik-je-blagoslovil-avto-1024x659.jpg 1024w, https:\/\/www.pgddobje.si\/wp-content\/uploads\/2017\/02\/\u017eupnik-je-blagoslovil-avto-300x193.jpg 300w, https:\/\/www.pgddobje.si\/wp-content\/uploads\/2017\/02\/\u017eupnik-je-blagoslovil-avto-768x494.jpg 768w, https:\/\/www.pgddobje.si\/wp-content\/uploads\/2017\/02\/\u017eupnik-je-blagoslovil-avto.jpg 1138w\" sizes=\"auto, (max-width: 700px) 100vw, 700px\" \/><\/a><p id=\"caption-attachment-926\" class=\"wp-caption-text\">Cisterno je blagoslovil doma\u010di duhovnik Milan Zdol\u0161ek<\/p><\/div>\n<p>Slavja so se udele\u017eili predstavniki vseh prostovoljnih gasilskih dru\u0161tev v GZ \u0160entjur s predsednikom Jo\u017eetom \u017dupancem in poveljnikom Stankom Arti\u010dkom. Nova avtocisterna je imela 46 botrov, 13 sopokroviteljev in 11 pokroviteljev. Prevzel jo je \u0161ofer Franc Leskov\u0161ek, ml., s pomo\u010dnikoma Brankom Topli\u010dancem in Brankom Udu\u010dem. Blagoslovil jo je doma\u010di duhovnik gospod Milan Zdol\u0161ek. Za kulturni program so poskrbeli \u010dlani dru\u0161tva Mladi gasilec, Folklorna skupina O\u0160 Dobje in cerkveni pevski zbor, ki ga je vodila Ana Plemenita\u0161. Prireditev je povezoval gospod Tone Vrabel.<\/p>\n<p><a href=\"http:\/\/www.pgddobje.si\/wp-content\/uploads\/2017\/02\/Foto-utrinek-2.jpg\"><img loading=\"lazy\" decoding=\"async\" class=\"size-medium wp-image-916 alignleft\" src=\"http:\/\/www.pgddobje.si\/wp-content\/uploads\/2017\/02\/Foto-utrinek-2-300x192.jpg\" alt=\"\" width=\"300\" height=\"192\" srcset=\"https:\/\/www.pgddobje.si\/wp-content\/uploads\/2017\/02\/Foto-utrinek-2-300x192.jpg 300w, https:\/\/www.pgddobje.si\/wp-content\/uploads\/2017\/02\/Foto-utrinek-2-768x491.jpg 768w, https:\/\/www.pgddobje.si\/wp-content\/uploads\/2017\/02\/Foto-utrinek-2-1024x655.jpg 1024w, https:\/\/www.pgddobje.si\/wp-content\/uploads\/2017\/02\/Foto-utrinek-2.jpg 1187w\" sizes=\"auto, (max-width: 300px) 100vw, 300px\" \/><\/a><a href=\"http:\/\/www.pgddobje.si\/wp-content\/uploads\/2017\/02\/foto-utrinek-3.jpg\"><img loading=\"lazy\" decoding=\"async\" class=\"size-medium wp-image-917 alignleft\" src=\"http:\/\/www.pgddobje.si\/wp-content\/uploads\/2017\/02\/foto-utrinek-3-300x191.jpg\" alt=\"\" width=\"300\" height=\"191\" srcset=\"https:\/\/www.pgddobje.si\/wp-content\/uploads\/2017\/02\/foto-utrinek-3-300x191.jpg 300w, https:\/\/www.pgddobje.si\/wp-content\/uploads\/2017\/02\/foto-utrinek-3-768x490.jpg 768w, https:\/\/www.pgddobje.si\/wp-content\/uploads\/2017\/02\/foto-utrinek-3-1024x654.jpg 1024w, https:\/\/www.pgddobje.si\/wp-content\/uploads\/2017\/02\/foto-utrinek-3.jpg 1186w\" sizes=\"auto, (max-width: 300px) 100vw, 300px\" \/><\/a><a href=\"http:\/\/www.pgddobje.si\/wp-content\/uploads\/2017\/02\/Foto-utrinek2.jpg\"><img loading=\"lazy\" decoding=\"async\" class=\"size-medium wp-image-918 alignleft\" src=\"http:\/\/www.pgddobje.si\/wp-content\/uploads\/2017\/02\/Foto-utrinek2-300x198.jpg\" alt=\"\" width=\"300\" height=\"198\" srcset=\"https:\/\/www.pgddobje.si\/wp-content\/uploads\/2017\/02\/Foto-utrinek2-300x198.jpg 300w, https:\/\/www.pgddobje.si\/wp-content\/uploads\/2017\/02\/Foto-utrinek2-768x508.jpg 768w, https:\/\/www.pgddobje.si\/wp-content\/uploads\/2017\/02\/Foto-utrinek2-1024x677.jpg 1024w, https:\/\/www.pgddobje.si\/wp-content\/uploads\/2017\/02\/Foto-utrinek2.jpg 1190w\" sizes=\"auto, (max-width: 300px) 100vw, 300px\" \/><\/a><a href=\"http:\/\/www.pgddobje.si\/wp-content\/uploads\/2017\/02\/Foto-utrinek.jpg\"><img loading=\"lazy\" decoding=\"async\" class=\"aligncenter size-medium wp-image-919\" src=\"http:\/\/www.pgddobje.si\/wp-content\/uploads\/2017\/02\/Foto-utrinek-300x197.jpg\" alt=\"\" width=\"300\" height=\"197\" srcset=\"https:\/\/www.pgddobje.si\/wp-content\/uploads\/2017\/02\/Foto-utrinek-300x197.jpg 300w, https:\/\/www.pgddobje.si\/wp-content\/uploads\/2017\/02\/Foto-utrinek-768x504.jpg 768w, https:\/\/www.pgddobje.si\/wp-content\/uploads\/2017\/02\/Foto-utrinek-1024x671.jpg 1024w, https:\/\/www.pgddobje.si\/wp-content\/uploads\/2017\/02\/Foto-utrinek.jpg 1156w\" sizes=\"auto, (max-width: 300px) 100vw, 300px\" \/><\/a><\/p>\n<div id=\"attachment_920\" style=\"width: 310px\" class=\"wp-caption alignleft\"><a href=\"http:\/\/www.pgddobje.si\/wp-content\/uploads\/2017\/02\/Fotoutrinek-1.jpg\"><img loading=\"lazy\" decoding=\"async\" aria-describedby=\"caption-attachment-920\" class=\"size-medium wp-image-920\" src=\"http:\/\/www.pgddobje.si\/wp-content\/uploads\/2017\/02\/Fotoutrinek-1-300x192.jpg\" alt=\"\u0160e nekaj fotoutrinkov z dogajanja ob prevzemu nove cisterne\" width=\"300\" height=\"192\" srcset=\"https:\/\/www.pgddobje.si\/wp-content\/uploads\/2017\/02\/Fotoutrinek-1-300x192.jpg 300w, https:\/\/www.pgddobje.si\/wp-content\/uploads\/2017\/02\/Fotoutrinek-1-768x491.jpg 768w, https:\/\/www.pgddobje.si\/wp-content\/uploads\/2017\/02\/Fotoutrinek-1-1024x655.jpg 1024w, https:\/\/www.pgddobje.si\/wp-content\/uploads\/2017\/02\/Fotoutrinek-1.jpg 1174w\" sizes=\"auto, (max-width: 300px) 100vw, 300px\" \/><\/a><p id=\"caption-attachment-920\" class=\"wp-caption-text\">\u0160e nekaj fotoutrinkov z dogajanja ob prevzemu nove cisterne<\/p><\/div>\n","protected":false},"excerpt":{"rendered":"<p>Leta 2001 so na ob\u010dnem zboru PGD Dobje sprejeli sklep o nabavi avtocisterne. Zavedali so se, da je njihov cilj povezan z velikim finan\u010dnim zalogajem, zato so se s pro\u0161njo za pridobitev denarnih sredstev obrnili na \u0161tevilna podjetja, organizacije in&hellip; <\/p>\n","protected":false},"author":1,"featured_media":0,"parent":858,"menu_order":0,"comment_status":"closed","ping_status":"closed","template":"","meta":{"ngg_post_thumbnail":0,"footnotes":""},"class_list":["post-977","page","type-page","status-publish","hentry"],"_links":{"self":[{"href":"https:\/\/www.pgddobje.si\/index.php?rest_route=\/wp\/v2\/pages\/977","targetHints":{"allow":["GET"]}}],"collection":[{"href":"https:\/\/www.pgddobje.si\/index.php?rest_route=\/wp\/v2\/pages"}],"about":[{"href":"https:\/\/www.pgddobje.si\/index.php?rest_route=\/wp\/v2\/types\/page"}],"author":[{"embeddable":true,"href":"https:\/\/www.pgddobje.si\/index.php?rest_route=\/wp\/v2\/users\/1"}],"replies":[{"embeddable":true,"href":"https:\/\/www.pgddobje.si\/index.php?rest_route=%2Fwp%2Fv2%2Fcomments&post=977"}],"version-history":[{"count":1,"href":"https:\/\/www.pgddobje.si\/index.php?rest_route=\/wp\/v2\/pages\/977\/revisions"}],"predecessor-version":[{"id":978,"href":"https:\/\/www.pgddobje.si\/index.php?rest_route=\/wp\/v2\/pages\/977\/revisions\/978"}],"up":[{"embeddable":true,"href":"https:\/\/www.pgddobje.si\/index.php?rest_route=\/wp\/v2\/pages\/858"}],"wp:attachment":[{"href":"https:\/\/www.pgddobje.si\/index.php?rest_route=%2Fwp%2Fv2%2Fmedia&parent=977"}],"curies":[{"name":"wp","href":"https:\/\/api.w.org\/{rel}","templated":true}]}}