{"id":979,"date":"2017-02-26T18:29:59","date_gmt":"2017-02-26T17:29:59","guid":{"rendered":"http:\/\/www.pgddobje.si\/?page_id=979"},"modified":"2017-02-26T18:29:59","modified_gmt":"2017-02-26T17:29:59","slug":"30-let-delovanja-pgd-prevzem-gasilskega-vozila-gv-1-2006","status":"publish","type":"page","link":"https:\/\/www.pgddobje.si\/?page_id=979","title":{"rendered":"30 let delovanja PGD \u2013 prevzem gasilskega vozila GV-1 (2006)"},"content":{"rendered":"<p>8. oktobra 2006 je PGD Dobje praznovalo 30-letnico svojega delovanja. Slavnosti v po\u010dastitev jubileja so se za\u010dele 6. oktobra s slavnostno sejo, na kateri je predsednik Franc Salobir najprej podal poro\u010dilo o delovanju dru\u0161tva v minulih tridesetih letih. V nadaljevanju so podelili priznanja za 30-letno sodelovanje s PGD Dobje vsem prostovoljnim gasilskim dru\u0161tvom v Gasilski zvezi \u0160entjur. Slavnostne seje so se poleg \u010dlanov PGD Dobje udele\u017eili \u0161e predsednik GZ \u0160entjur Jo\u017ee Zupanc, poveljnik GZ \u0160entjur Martin Cmok, tajnik GZ \u0160entjur Janko Cerkvenik, podpoveljnik GZ \u0160entjur Stanko Arti\u010dek in predstavniki ve\u010dine gasilskih dru\u0161tev v GZ \u0160entjur. 8. oktobra pa sta se slovesnosti poleg navedenih udele\u017eila \u0161e dr\u017eavni sekretar kabineta predsednika vlade dr. Vinko Gorenak in podpredsednik GZ Slovenije Tone Koren. PGD Dobje je uradno prevzelo novo gasilsko vozilo GV-1, ki ga je blagoslovil duhovnik Peter Ore\u0161nik. Najve\u010d je za vozilo prispevala Ob\u010dina Dobje, nato Uprava RS za za\u0161\u010dito in re\u0161evanje, PGD&nbsp;Dobje, Kulturno dru\u0161tvo Dobje, Ob\u010dina \u0160entjur ter \u0161tevilni posamezniki in ob\u010dani Ob\u010dine Dobje, za kar so prejeli priznanja. Predsednik PGD Dobje Franc Salobir je klju\u010de novega avtomobila izro\u010dil \u0161oferju Dragu Volasku. Ob tridesetletnici so bile \u010dlanom PGD Dobje podeljene tudi razli\u010dne plakete in zna\u010dke. V kulturnem programu so sodelovali Me\u0161ani pevski zbor Kulturnega dru\u0161tva Dobje, u\u010denci O\u0160 Dobje, za veselo razpolo\u017eenje pa je poskrbel ansambel Kozjanski zven.<\/p>\n<div id=\"attachment_932\" style=\"width: 710px\" class=\"wp-caption aligncenter\"><a href=\"http:\/\/www.pgddobje.si\/wp-content\/uploads\/2017\/02\/Vabilo-3.jpg\"><img loading=\"lazy\" decoding=\"async\" aria-describedby=\"caption-attachment-932\" class=\"size-large wp-image-932\" src=\"http:\/\/www.pgddobje.si\/wp-content\/uploads\/2017\/02\/Vabilo-3-928x1024.jpg\" alt=\"Vabilo na praznovanje 30. obletnice PD Dobje\" width=\"700\" height=\"772\" srcset=\"https:\/\/www.pgddobje.si\/wp-content\/uploads\/2017\/02\/Vabilo-3-928x1024.jpg 928w, https:\/\/www.pgddobje.si\/wp-content\/uploads\/2017\/02\/Vabilo-3-272x300.jpg 272w, https:\/\/www.pgddobje.si\/wp-content\/uploads\/2017\/02\/Vabilo-3-768x848.jpg 768w\" sizes=\"auto, (max-width: 700px) 100vw, 700px\" \/><\/a><p id=\"caption-attachment-932\" class=\"wp-caption-text\">Vabilo na praznovanje 30. obletnice PD Dobje<\/p><\/div>\n<div id=\"attachment_927\" style=\"width: 710px\" class=\"wp-caption aligncenter\"><a href=\"http:\/\/www.pgddobje.si\/wp-content\/uploads\/2017\/02\/Mladi-gasilci-so-sodelovali-pri-kulturnem-programu.jpg\"><img loading=\"lazy\" decoding=\"async\" aria-describedby=\"caption-attachment-927\" class=\"size-large wp-image-927\" src=\"http:\/\/www.pgddobje.si\/wp-content\/uploads\/2017\/02\/Mladi-gasilci-so-sodelovali-pri-kulturnem-programu-1024x768.jpg\" alt=\"Mladi gasilci so sodelovali pri kulturnem programu\" width=\"700\" height=\"525\" srcset=\"https:\/\/www.pgddobje.si\/wp-content\/uploads\/2017\/02\/Mladi-gasilci-so-sodelovali-pri-kulturnem-programu.jpg 1024w, https:\/\/www.pgddobje.si\/wp-content\/uploads\/2017\/02\/Mladi-gasilci-so-sodelovali-pri-kulturnem-programu-300x225.jpg 300w, https:\/\/www.pgddobje.si\/wp-content\/uploads\/2017\/02\/Mladi-gasilci-so-sodelovali-pri-kulturnem-programu-768x576.jpg 768w\" sizes=\"auto, (max-width: 700px) 100vw, 700px\" \/><\/a><p id=\"caption-attachment-927\" class=\"wp-caption-text\">Mladi gasilci so sodelovali pri kulturnem programu<\/p><\/div>\n<div id=\"attachment_928\" style=\"width: 710px\" class=\"wp-caption aligncenter\"><a href=\"http:\/\/www.pgddobje.si\/wp-content\/uploads\/2017\/02\/Novi-tednik-18.-november.jpg\"><img loading=\"lazy\" decoding=\"async\" aria-describedby=\"caption-attachment-928\" class=\"size-large wp-image-928\" src=\"http:\/\/www.pgddobje.si\/wp-content\/uploads\/2017\/02\/Novi-tednik-18.-november-784x1024.jpg\" alt=\"Novi tednik, 18. november 2005\" width=\"700\" height=\"914\" srcset=\"https:\/\/www.pgddobje.si\/wp-content\/uploads\/2017\/02\/Novi-tednik-18.-november-784x1024.jpg 784w, https:\/\/www.pgddobje.si\/wp-content\/uploads\/2017\/02\/Novi-tednik-18.-november-230x300.jpg 230w, https:\/\/www.pgddobje.si\/wp-content\/uploads\/2017\/02\/Novi-tednik-18.-november-768x1003.jpg 768w\" sizes=\"auto, (max-width: 700px) 100vw, 700px\" \/><\/a><p id=\"caption-attachment-928\" class=\"wp-caption-text\">Novi tednik, 18. november 2005<\/p><\/div>\n<div id=\"attachment_929\" style=\"width: 710px\" class=\"wp-caption aligncenter\"><a href=\"http:\/\/www.pgddobje.si\/wp-content\/uploads\/2017\/02\/Ponosni-\u0161ofer-novega-kombija-Drago-Volasko.jpg\"><img loading=\"lazy\" decoding=\"async\" aria-describedby=\"caption-attachment-929\" class=\"size-large wp-image-929\" src=\"http:\/\/www.pgddobje.si\/wp-content\/uploads\/2017\/02\/Ponosni-\u0161ofer-novega-kombija-Drago-Volasko-768x1024.jpg\" alt=\"Ponosni \u0161ofer novega kombija Drago Volasko\" width=\"700\" height=\"933\" srcset=\"https:\/\/www.pgddobje.si\/wp-content\/uploads\/2017\/02\/Ponosni-\u0161ofer-novega-kombija-Drago-Volasko-768x1024.jpg 768w, https:\/\/www.pgddobje.si\/wp-content\/uploads\/2017\/02\/Ponosni-\u0161ofer-novega-kombija-Drago-Volasko-225x300.jpg 225w, https:\/\/www.pgddobje.si\/wp-content\/uploads\/2017\/02\/Ponosni-\u0161ofer-novega-kombija-Drago-Volasko.jpg 1944w\" sizes=\"auto, (max-width: 700px) 100vw, 700px\" \/><\/a><p id=\"caption-attachment-929\" class=\"wp-caption-text\">Ponosni \u0161ofer novega kombija Drago Volasko<\/p><\/div>\n<div id=\"attachment_930\" style=\"width: 710px\" class=\"wp-caption aligncenter\"><a href=\"http:\/\/www.pgddobje.si\/wp-content\/uploads\/2017\/02\/Prapor\u0161\u010daki-doma\u010di-pevski-zbor.jpg\"><img loading=\"lazy\" decoding=\"async\" aria-describedby=\"caption-attachment-930\" class=\"size-large wp-image-930\" src=\"http:\/\/www.pgddobje.si\/wp-content\/uploads\/2017\/02\/Prapor\u0161\u010daki-doma\u010di-pevski-zbor-1024x768.jpg\" alt=\"Prapor\u0161\u010daki, Me\u0161ani pevski zbor in gasilci\" width=\"700\" height=\"525\" srcset=\"https:\/\/www.pgddobje.si\/wp-content\/uploads\/2017\/02\/Prapor\u0161\u010daki-doma\u010di-pevski-zbor.jpg 1024w, https:\/\/www.pgddobje.si\/wp-content\/uploads\/2017\/02\/Prapor\u0161\u010daki-doma\u010di-pevski-zbor-300x225.jpg 300w, https:\/\/www.pgddobje.si\/wp-content\/uploads\/2017\/02\/Prapor\u0161\u010daki-doma\u010di-pevski-zbor-768x576.jpg 768w\" sizes=\"auto, (max-width: 700px) 100vw, 700px\" \/><\/a><p id=\"caption-attachment-930\" class=\"wp-caption-text\">Prapor\u0161\u010daki, Me\u0161ani pevski zbor in gasilci<\/p><\/div>\n<div id=\"attachment_931\" style=\"width: 710px\" class=\"wp-caption aligncenter\"><a href=\"http:\/\/www.pgddobje.si\/wp-content\/uploads\/2017\/02\/Skupinska-ob-30-letnici.jpg\"><img loading=\"lazy\" decoding=\"async\" aria-describedby=\"caption-attachment-931\" class=\"size-large wp-image-931\" src=\"http:\/\/www.pgddobje.si\/wp-content\/uploads\/2017\/02\/Skupinska-ob-30-letnici-1024x768.jpg\" alt=\"Skupinska slika gasilcev ob 30. jubileju (z leve proti desni) 1. vrsta: Franc Tovornik, Branko Udu\u010d, Jo\u017eica Salobir, Ivan Tovornik, Franc Leskov\u0161ek, ml., Edi Kova\u010di\u010d, Franc Leskov\u0161ek, st., Stane Tovornik; 2. vrsta: Anton Ojster\u0161ek, Marjan Volasko, Aleksandra Zalokar, Irena Ojster\u0161ek, Sabina Joki\u0107, Dragica Zalokar, Tinka \u017dekar, Drago Volasko, Franc Planko; 3. vrsta: Jo\u017ee Salobir, Bojan Perc, David Gra\u010dnar, Alojz Antlej, Ale\u0161 Gaj\u0161ek, Janez Leskov\u0161ek, Andrej Kova\u010di\u010d, David Joki\u0107, Marko Vodi\u0161ek, Marjan Leskov\u0161ek in  Branko Bezgov\u0161ek.\" width=\"700\" height=\"525\" srcset=\"https:\/\/www.pgddobje.si\/wp-content\/uploads\/2017\/02\/Skupinska-ob-30-letnici.jpg 1024w, https:\/\/www.pgddobje.si\/wp-content\/uploads\/2017\/02\/Skupinska-ob-30-letnici-300x225.jpg 300w, https:\/\/www.pgddobje.si\/wp-content\/uploads\/2017\/02\/Skupinska-ob-30-letnici-768x576.jpg 768w\" sizes=\"auto, (max-width: 700px) 100vw, 700px\" \/><\/a><p id=\"caption-attachment-931\" class=\"wp-caption-text\">Skupinska slika gasilcev ob 30. jubileju<br \/>(z leve proti desni)<br \/>1. vrsta: Franc Tovornik, Branko Udu\u010d, Jo\u017eica Salobir, Ivan Tovornik, Franc Leskov\u0161ek, ml., Edi Kova\u010di\u010d, Franc Leskov\u0161ek, st., Stane Tovornik;<br \/>2. vrsta: Anton Ojster\u0161ek, Marjan Volasko, Aleksandra Zalokar, Irena Ojster\u0161ek, Sabina Joki\u0107, Dragica Zalokar, Tinka \u017dekar, Drago Volasko, Franc Planko;<br \/>3. vrsta: Jo\u017ee Salobir, Bojan Perc, David Gra\u010dnar, Alojz Antlej, Ale\u0161 Gaj\u0161ek, Janez Leskov\u0161ek, Andrej Kova\u010di\u010d, David Joki\u0107, Marko Vodi\u0161ek, Marjan Leskov\u0161ek in<br \/>Branko Bezgov\u0161ek.<\/p><\/div>\n<div id=\"attachment_933\" style=\"width: 710px\" class=\"wp-caption aligncenter\"><a href=\"http:\/\/www.pgddobje.si\/wp-content\/uploads\/2017\/02\/Vozilo-GV1-Blagoslov.jpg\"><img loading=\"lazy\" decoding=\"async\" aria-describedby=\"caption-attachment-933\" class=\"size-large wp-image-933\" src=\"http:\/\/www.pgddobje.si\/wp-content\/uploads\/2017\/02\/Vozilo-GV1-Blagoslov-1024x768.jpg\" alt=\"Vozilo GV-1 je blagoslovil duhovnik Peter Ore\u0161nik\" width=\"700\" height=\"525\" srcset=\"https:\/\/www.pgddobje.si\/wp-content\/uploads\/2017\/02\/Vozilo-GV1-Blagoslov-1024x768.jpg 1024w, https:\/\/www.pgddobje.si\/wp-content\/uploads\/2017\/02\/Vozilo-GV1-Blagoslov-300x225.jpg 300w, https:\/\/www.pgddobje.si\/wp-content\/uploads\/2017\/02\/Vozilo-GV1-Blagoslov-768x576.jpg 768w\" sizes=\"auto, (max-width: 700px) 100vw, 700px\" \/><\/a><p id=\"caption-attachment-933\" class=\"wp-caption-text\">Vozilo GV-1 je blagoslovil duhovnik Peter Ore\u0161nik<\/p><\/div>\n<div id=\"attachment_934\" style=\"width: 710px\" class=\"wp-caption aligncenter\"><a href=\"http:\/\/www.pgddobje.si\/wp-content\/uploads\/2017\/02\/Za-sre\u010dno-vo\u017enjko-tradicionalna-zdravljica.jpg\"><img loading=\"lazy\" decoding=\"async\" aria-describedby=\"caption-attachment-934\" class=\"size-large wp-image-934\" src=\"http:\/\/www.pgddobje.si\/wp-content\/uploads\/2017\/02\/Za-sre\u010dno-vo\u017enjko-tradicionalna-zdravljica-1024x768.jpg\" alt=\"Za sre\u010dno vo\u017enjo tradicionalna zdravica\" width=\"700\" height=\"525\" srcset=\"https:\/\/www.pgddobje.si\/wp-content\/uploads\/2017\/02\/Za-sre\u010dno-vo\u017enjko-tradicionalna-zdravljica-1024x768.jpg 1024w, https:\/\/www.pgddobje.si\/wp-content\/uploads\/2017\/02\/Za-sre\u010dno-vo\u017enjko-tradicionalna-zdravljica-300x225.jpg 300w, https:\/\/www.pgddobje.si\/wp-content\/uploads\/2017\/02\/Za-sre\u010dno-vo\u017enjko-tradicionalna-zdravljica-768x576.jpg 768w\" sizes=\"auto, (max-width: 700px) 100vw, 700px\" \/><\/a><p id=\"caption-attachment-934\" class=\"wp-caption-text\">Za sre\u010dno vo\u017enjo tradicionalna zdravica<\/p><\/div>\n","protected":false},"excerpt":{"rendered":"<p>8. oktobra 2006 je PGD Dobje praznovalo 30-letnico svojega delovanja. Slavnosti v po\u010dastitev jubileja so se za\u010dele 6. oktobra s slavnostno sejo, na kateri je predsednik Franc Salobir najprej podal poro\u010dilo o delovanju dru\u0161tva v minulih tridesetih letih. V nadaljevanju&hellip; <\/p>\n","protected":false},"author":1,"featured_media":0,"parent":858,"menu_order":0,"comment_status":"closed","ping_status":"closed","template":"","meta":{"ngg_post_thumbnail":0,"footnotes":""},"class_list":["post-979","page","type-page","status-publish","hentry"],"_links":{"self":[{"href":"https:\/\/www.pgddobje.si\/index.php?rest_route=\/wp\/v2\/pages\/979","targetHints":{"allow":["GET"]}}],"collection":[{"href":"https:\/\/www.pgddobje.si\/index.php?rest_route=\/wp\/v2\/pages"}],"about":[{"href":"https:\/\/www.pgddobje.si\/index.php?rest_route=\/wp\/v2\/types\/page"}],"author":[{"embeddable":true,"href":"https:\/\/www.pgddobje.si\/index.php?rest_route=\/wp\/v2\/users\/1"}],"replies":[{"embeddable":true,"href":"https:\/\/www.pgddobje.si\/index.php?rest_route=%2Fwp%2Fv2%2Fcomments&post=979"}],"version-history":[{"count":1,"href":"https:\/\/www.pgddobje.si\/index.php?rest_route=\/wp\/v2\/pages\/979\/revisions"}],"predecessor-version":[{"id":980,"href":"https:\/\/www.pgddobje.si\/index.php?rest_route=\/wp\/v2\/pages\/979\/revisions\/980"}],"up":[{"embeddable":true,"href":"https:\/\/www.pgddobje.si\/index.php?rest_route=\/wp\/v2\/pages\/858"}],"wp:attachment":[{"href":"https:\/\/www.pgddobje.si\/index.php?rest_route=%2Fwp%2Fv2%2Fmedia&parent=979"}],"curies":[{"name":"wp","href":"https:\/\/api.w.org\/{rel}","templated":true}]}}